{"id":313,"date":"2025-06-16T17:18:26","date_gmt":"2025-06-16T15:18:26","guid":{"rendered":"https:\/\/welcome.ieseg.fr\/?page_id=313"},"modified":"2025-07-01T15:41:35","modified_gmt":"2025-07-01T13:41:35","slug":"books-academic-year","status":"publish","type":"page","link":"https:\/\/welcome.ieseg.fr\/en\/new-academic-year\/books-academic-year\/","title":{"rendered":"Books to buy for the new academic year"},"content":{"rendered":"<div class=\"intro\">\n<p><strong>For some courses, reference books are to be acquired. These books are compulsory, their use being an integral part of the educational process.<\/strong><\/p>\n<\/div>\n<h2>Ordering your books<\/h2>\n<h3>Partner Bookstore: SMD<\/h3>\n<p>You can find and order the books (organized by program and semester) on the <a href=\"https:\/\/www.smdbooks.com\/ieseg-textbooks-2025-2026\/ssh-11766\" target=\"_blank\" rel=\"noopener\">website of the SMD bookstore<\/a> our partner.<\/p>\n<h3>Used or Alternative Purchases<\/h3>\n<p><strong>Getting a used copy or purchasing new copies through other booksellers is an alternative.<\/strong> However, <strong>please be careful<\/strong> of the price and the reference details (title, author, year of publication, ISBN).<\/p>\n<h2>Language Books (LV1)<\/h2>\n<p><strong>The language books (LV1)<\/strong> will be on sale on the website following your first course that will confirm your level (see with your teacher).<\/p>\n<h2>Contact<\/h2>\n<ul class=\"big-list\">\n<li><strong>For any questions related to Reference Books<\/strong>, please contact the library at the following address: <a href=\"mailto:bibliotheque@ieseg.fr\">bibliotheque@ieseg.fr<\/a>.<\/li>\n<\/ul>\n","protected":false},"excerpt":{"rendered":"<p>For some courses, reference books are to be acquired. These books are compulsory, their use being an integral part of the educational process. Ordering your books Partner Bookstore: SMD You can find and order the books (organized by program and semester) on the website of the SMD bookstore our partner. Used or Alternative Purchases Getting [&hellip;]<\/p>\n","protected":false},"author":705,"featured_media":0,"parent":21,"menu_order":0,"comment_status":"closed","ping_status":"closed","template":"","meta":[],"yoast_head":"<!-- This site is optimized with the Yoast SEO plugin v19.2 - https:\/\/yoast.com\/wordpress\/plugins\/seo\/ -->\n<title>Books to buy for the new academic year - Welcome to I\u00c9SEG<\/title>\n<meta name=\"robots\" content=\"index, follow, max-snippet:-1, max-image-preview:large, max-video-preview:-1\" \/>\n<link rel=\"canonical\" href=\"https:\/\/welcome.ieseg.fr\/en\/new-academic-year\/books-academic-year\/\" \/>\n<meta property=\"og:locale\" content=\"en_US\" \/>\n<meta property=\"og:type\" content=\"article\" \/>\n<meta property=\"og:title\" content=\"Books to buy for the new academic year - Welcome to I\u00c9SEG\" \/>\n<meta property=\"og:description\" content=\"For some courses, reference books are to be acquired. These books are compulsory, their use being an integral part of the educational process. Ordering your books Partner Bookstore: SMD You can find and order the books (organized by program and semester) on the website of the SMD bookstore our partner. Used or Alternative Purchases Getting [&hellip;]\" \/>\n<meta property=\"og:url\" content=\"https:\/\/welcome.ieseg.fr\/en\/new-academic-year\/books-academic-year\/\" \/>\n<meta property=\"og:site_name\" content=\"Welcome to I\u00c9SEG\" \/>\n<meta property=\"article:modified_time\" content=\"2025-07-01T13:41:35+00:00\" \/>\n<meta name=\"author\" content=\"anaisandreosso\" \/>\n<meta name=\"twitter:card\" content=\"summary_large_image\" \/>\n<meta name=\"twitter:label1\" content=\"Est. reading time\" \/>\n\t<meta name=\"twitter:data1\" content=\"1 minute\" \/>\n<script type=\"application\/ld+json\" class=\"yoast-schema-graph\">{\"@context\":\"https:\/\/schema.org\",\"@graph\":[{\"@type\":\"WebSite\",\"@id\":\"https:\/\/welcome.ieseg.fr\/#website\",\"url\":\"https:\/\/welcome.ieseg.fr\/\",\"name\":\"Welcome to I\u00c9SEG\",\"description\":\"Le site des admis \u00e0 l&#039;I\u00c9SEG\",\"potentialAction\":[{\"@type\":\"SearchAction\",\"target\":{\"@type\":\"EntryPoint\",\"urlTemplate\":\"https:\/\/welcome.ieseg.fr\/?s={search_term_string}\"},\"query-input\":\"required name=search_term_string\"}],\"inLanguage\":\"en-US\"},{\"@type\":\"WebPage\",\"@id\":\"https:\/\/welcome.ieseg.fr\/en\/new-academic-year\/books-academic-year\/#webpage\",\"url\":\"https:\/\/welcome.ieseg.fr\/en\/new-academic-year\/books-academic-year\/\",\"name\":\"Books to buy for the new academic year - Welcome to I\u00c9SEG\",\"isPartOf\":{\"@id\":\"https:\/\/welcome.ieseg.fr\/#website\"},\"datePublished\":\"2025-06-16T15:18:26+00:00\",\"dateModified\":\"2025-07-01T13:41:35+00:00\",\"breadcrumb\":{\"@id\":\"https:\/\/welcome.ieseg.fr\/en\/new-academic-year\/books-academic-year\/#breadcrumb\"},\"inLanguage\":\"en-US\",\"potentialAction\":[{\"@type\":\"ReadAction\",\"target\":[\"https:\/\/welcome.ieseg.fr\/en\/new-academic-year\/books-academic-year\/\"]}]},{\"@type\":\"BreadcrumbList\",\"@id\":\"https:\/\/welcome.ieseg.fr\/en\/new-academic-year\/books-academic-year\/#breadcrumb\",\"itemListElement\":[{\"@type\":\"ListItem\",\"position\":1,\"name\":\"Accueil\",\"item\":\"https:\/\/welcome.ieseg.fr\/\"},{\"@type\":\"ListItem\",\"position\":2,\"name\":\"My New Academic Year\",\"item\":\"https:\/\/welcome.ieseg.fr\/en\/new-academic-year\/\"},{\"@type\":\"ListItem\",\"position\":3,\"name\":\"Books to buy for the new academic year\"}]}]}<\/script>\n<!-- \/ Yoast SEO plugin. -->","yoast_head_json":{"title":"Books to buy for the new academic year - Welcome to I\u00c9SEG","robots":{"index":"index","follow":"follow","max-snippet":"max-snippet:-1","max-image-preview":"max-image-preview:large","max-video-preview":"max-video-preview:-1"},"canonical":"https:\/\/welcome.ieseg.fr\/en\/new-academic-year\/books-academic-year\/","og_locale":"en_US","og_type":"article","og_title":"Books to buy for the new academic year - Welcome to I\u00c9SEG","og_description":"For some courses, reference books are to be acquired. These books are compulsory, their use being an integral part of the educational process. Ordering your books Partner Bookstore: SMD You can find and order the books (organized by program and semester) on the website of the SMD bookstore our partner. Used or Alternative Purchases Getting [&hellip;]","og_url":"https:\/\/welcome.ieseg.fr\/en\/new-academic-year\/books-academic-year\/","og_site_name":"Welcome to I\u00c9SEG","article_modified_time":"2025-07-01T13:41:35+00:00","author":"anaisandreosso","twitter_card":"summary_large_image","twitter_misc":{"Est. reading time":"1 minute"},"schema":{"@context":"https:\/\/schema.org","@graph":[{"@type":"WebSite","@id":"https:\/\/welcome.ieseg.fr\/#website","url":"https:\/\/welcome.ieseg.fr\/","name":"Welcome to I\u00c9SEG","description":"Le site des admis \u00e0 l&#039;I\u00c9SEG","potentialAction":[{"@type":"SearchAction","target":{"@type":"EntryPoint","urlTemplate":"https:\/\/welcome.ieseg.fr\/?s={search_term_string}"},"query-input":"required name=search_term_string"}],"inLanguage":"en-US"},{"@type":"WebPage","@id":"https:\/\/welcome.ieseg.fr\/en\/new-academic-year\/books-academic-year\/#webpage","url":"https:\/\/welcome.ieseg.fr\/en\/new-academic-year\/books-academic-year\/","name":"Books to buy for the new academic year - Welcome to I\u00c9SEG","isPartOf":{"@id":"https:\/\/welcome.ieseg.fr\/#website"},"datePublished":"2025-06-16T15:18:26+00:00","dateModified":"2025-07-01T13:41:35+00:00","breadcrumb":{"@id":"https:\/\/welcome.ieseg.fr\/en\/new-academic-year\/books-academic-year\/#breadcrumb"},"inLanguage":"en-US","potentialAction":[{"@type":"ReadAction","target":["https:\/\/welcome.ieseg.fr\/en\/new-academic-year\/books-academic-year\/"]}]},{"@type":"BreadcrumbList","@id":"https:\/\/welcome.ieseg.fr\/en\/new-academic-year\/books-academic-year\/#breadcrumb","itemListElement":[{"@type":"ListItem","position":1,"name":"Accueil","item":"https:\/\/welcome.ieseg.fr\/"},{"@type":"ListItem","position":2,"name":"My New Academic Year","item":"https:\/\/welcome.ieseg.fr\/en\/new-academic-year\/"},{"@type":"ListItem","position":3,"name":"Books to buy for the new academic year"}]}]}},"_links":{"self":[{"href":"https:\/\/welcome.ieseg.fr\/en\/wp-json\/wp\/v2\/pages\/313"}],"collection":[{"href":"https:\/\/welcome.ieseg.fr\/en\/wp-json\/wp\/v2\/pages"}],"about":[{"href":"https:\/\/welcome.ieseg.fr\/en\/wp-json\/wp\/v2\/types\/page"}],"author":[{"embeddable":true,"href":"https:\/\/welcome.ieseg.fr\/en\/wp-json\/wp\/v2\/users\/705"}],"replies":[{"embeddable":true,"href":"https:\/\/welcome.ieseg.fr\/en\/wp-json\/wp\/v2\/comments?post=313"}],"version-history":[{"count":5,"href":"https:\/\/welcome.ieseg.fr\/en\/wp-json\/wp\/v2\/pages\/313\/revisions"}],"predecessor-version":[{"id":362,"href":"https:\/\/welcome.ieseg.fr\/en\/wp-json\/wp\/v2\/pages\/313\/revisions\/362"}],"up":[{"embeddable":true,"href":"https:\/\/welcome.ieseg.fr\/en\/wp-json\/wp\/v2\/pages\/21"}],"wp:attachment":[{"href":"https:\/\/welcome.ieseg.fr\/en\/wp-json\/wp\/v2\/media?parent=313"}],"curies":[{"name":"wp","href":"https:\/\/api.w.org\/{rel}","templated":true}]}}