{"id":34,"date":"2024-06-30T14:01:41","date_gmt":"2024-06-30T12:01:41","guid":{"rendered":"https:\/\/welcome.ieseg.fr\/?page_id=34"},"modified":"2026-03-27T10:44:42","modified_gmt":"2026-03-27T09:44:42","slug":"welcome-seminars","status":"publish","type":"page","link":"https:\/\/welcome.ieseg.fr\/en\/new-academic-year\/welcome-seminars\/","title":{"rendered":"Welcome Seminars"},"content":{"rendered":"<div class=\"intro\">\n<p><strong>We are really looking forward to you joining us here on Paris or Lille campus for your studies at I\u00c9SEG!<\/strong><\/p>\n<\/div>\n<p><strong>The Welcome Seminars launch the new academic year.<\/strong> You&#8217;ll pick up your student card, get to know your campus, the student associations and all our teams.<\/p>\n<p>Please find below your back-to-school date by program. Please note that there are specific Welcome Seminars for Exchange students, Bachelor Programs, Programme Grande \u00c9cole, Post-Graduate \/ Specialized Master Programs and Double Degree.<\/p>\n<p>Your I\u00c9SEG login will be sent to you once your application has been finalized, giving you access to the back-to-school week program and the full year program (which will be sent to you once your registration is completed).<\/p>\n<p>It is compulsory for you to follow all presentations that concern you as we will be providing you with all the essential information &amp; guidelines you require for your program &amp; help with dealing with the compulsory tasks to be made for French administration.<\/p>\n<p>For international students, the Welcome Seminars are organized in hybrid format if for visa\/academic reasons you are not able to join us on campus.<\/p>\n<p>&nbsp;<\/p>\n<h2>Back-to-school dates by program<\/h2>\n<h3>Exchange Students<\/h3>\n<ul class=\"big-list\">\n<li><strong>Exchange and Visiting (Fall 2026)<\/strong><br \/>\nBack-to-school date: Monday, August 24th, 2026<\/li>\n<li><strong>Pr\u00e9pa Saint-Jean (Fall 2026)<\/strong><br \/>\nBack-to-school date in Lille: date to be announced soon<br \/>\nBack-to-school date in Paris: date to be announced soon<\/li>\n<li><strong>Exchange and Visiting (Spring 2027)<\/strong><br \/>\nBack-to-school date: date to be announced soon<\/li>\n<\/ul>\n<p>&nbsp;<\/p>\n<h3>Bachelor in International Business (BIB) Students<\/h3>\n<ul class=\"big-list\">\n<li><strong>1st year<\/strong><br \/>\nBack-to-school date: Monday, August 24th, 2026<br \/>\n<em>Detailed back-to-school schedule (accessible with your I\u00c9SEG login only): <a href=\"https:\/\/iesegnet.sharepoint.com\/sites\/Intranet-School\/SitePages\/Programs\/Grande-Ecole-Program\/PGE---Back-to-School-!.aspx\" target=\"_blank\" rel=\"noopener\">link on intranet &#8220;My I\u00c9SEG&#8221;<\/a><br \/>\n<\/em><\/li>\n<li><strong>European Bachelor in Business with Sheffield Hallam University<\/strong><br \/>\nBack-to-school date &#8211; Fall 2026: date to be announced soon<br \/>\nBack-to-school date &#8211; Spring 2027:\u00a0date to be announced soon<\/li>\n<\/ul>\n<p>&nbsp;<\/p>\n<h3>Bachelor in Management and Tech Design (BMTD) Students<\/h3>\n<ul class=\"big-list\">\n<li><strong>1st year<\/strong><br \/>\nBack-to-school date: Monday, August 24th, 2026<br \/>\n<em>Detailed back-to-school schedule (accessible with your I\u00c9SEG login only): <a href=\"https:\/\/iesegnet.sharepoint.com\/sites\/Intranet-School\/SitePages\/Programs\/Grande-Ecole-Program\/PGE---Back-to-School-!.aspx\" target=\"_blank\" rel=\"noopener\">link on intranet &#8220;My I\u00c9SEG&#8221;<\/a><br \/>\n<\/em><\/li>\n<\/ul>\n<p>&nbsp;<\/p>\n<h3>Specialized Masters\/Post-Graduate Programs (PGP) Students<\/h3>\n<ul class=\"big-list\">\n<li><strong>September intake<\/strong><br \/>\nBack-to-school date: Monday, August 24th, 2026<\/li>\n<\/ul>\n<p>&nbsp;<\/p>\n<h3>Programme Grande Ecole (PGE) Students<\/h3>\n<ul class=\"big-list\">\n<li><strong>International students (double degrees and international admissions)<br \/>\n<\/strong>Back-to-school date &#8211; Fall 2026: Monday, August 24th, 2026<br \/>\nBack-to-school date &#8211; Spring 2027:\u00a0date to be announced soon<br \/>\n<em>Detailed back-to-school schedule (accessible with your I\u00c9SEG login only): <a href=\"https:\/\/iesegnet.sharepoint.com\/sites\/Intranet-School\/SitePages\/Programs\/Grande-Ecole-Program\/PGE---Back-to-School-!.aspx\" target=\"_blank\" rel=\"noopener\">link on intranet &#8220;My I\u00c9SEG&#8221;<\/a><br \/>\n<\/em><\/li>\n<li><strong>1st year<\/strong><br \/>\nBack-to-school date: Wednesday, August 26th, 2026<br \/>\n<em>Detailed back-to-school schedule (accessible with your I\u00c9SEG login only): <a href=\"https:\/\/iesegnet.sharepoint.com\/sites\/Intranet-School\/SitePages\/Programs\/Grande-Ecole-Program\/PGE%20BA1-Back-to-School-!.aspx\" target=\"_blank\" rel=\"noopener\">link on intranet &#8220;My I\u00c9SEG&#8221;<\/a><br \/>\n<\/em><\/li>\n<li><strong>2nd and 3rd year (new students)<\/strong><br \/>\nBack-to-school date: Thursday, August 27th, 2026<br \/>\n<em>Detailed back-to-school schedule (accessible with your I\u00c9SEG login only): <a href=\"https:\/\/iesegnet.sharepoint.com\/sites\/Intranet-School\/SitePages\/Programs\/Grande-Ecole-Program\/PGE---Back-to-School-!.aspx\" target=\"_blank\" rel=\"noopener\">link on intranet &#8220;My I\u00c9SEG&#8221;<\/a><br \/>\n<\/em><\/li>\n<li><strong>Master Cycle (new students)<\/strong><br \/>\nBack-to-school date: Friday, August 28th, 2026<br \/>\n<em>Detailed back-to-school schedule (accessible with your I\u00c9SEG login only): <a href=\"https:\/\/iesegnet.sharepoint.com\/sites\/Intranet-School\/SitePages\/Programs\/Grande-Ecole-Program\/PGE---Back-to-School-!.aspx\" target=\"_blank\" rel=\"noopener\">link on intranet &#8220;My I\u00c9SEG&#8221;<\/a><br \/>\n<\/em><\/li>\n<\/ul>\n<p>&nbsp;<\/p>\n","protected":false},"excerpt":{"rendered":"<p>We are really looking forward to you joining us here on Paris or Lille campus for your studies at I\u00c9SEG! The Welcome Seminars launch the new academic year. You&#8217;ll pick up your student card, get to know your campus, the student associations and all our teams. Please find below your back-to-school date by program. Please [&hellip;]<\/p>\n","protected":false},"author":705,"featured_media":0,"parent":21,"menu_order":0,"comment_status":"closed","ping_status":"closed","template":"","meta":[],"yoast_head":"<!-- This site is optimized with the Yoast SEO plugin v19.2 - https:\/\/yoast.com\/wordpress\/plugins\/seo\/ -->\n<title>Welcome Seminars - Welcome to I\u00c9SEG<\/title>\n<meta name=\"robots\" content=\"index, follow, max-snippet:-1, max-image-preview:large, max-video-preview:-1\" \/>\n<link rel=\"canonical\" href=\"https:\/\/welcome.ieseg.fr\/en\/new-academic-year\/welcome-seminars\/\" \/>\n<meta property=\"og:locale\" content=\"en_US\" \/>\n<meta property=\"og:type\" content=\"article\" \/>\n<meta property=\"og:title\" content=\"Welcome Seminars - Welcome to I\u00c9SEG\" \/>\n<meta property=\"og:description\" content=\"We are really looking forward to you joining us here on Paris or Lille campus for your studies at I\u00c9SEG! The Welcome Seminars launch the new academic year. You&#8217;ll pick up your student card, get to know your campus, the student associations and all our teams. Please find below your back-to-school date by program. Please [&hellip;]\" \/>\n<meta property=\"og:url\" content=\"https:\/\/welcome.ieseg.fr\/en\/new-academic-year\/welcome-seminars\/\" \/>\n<meta property=\"og:site_name\" content=\"Welcome to I\u00c9SEG\" \/>\n<meta property=\"article:modified_time\" content=\"2026-03-27T09:44:42+00:00\" \/>\n<meta name=\"author\" content=\"anaisandreosso\" \/>\n<meta name=\"twitter:card\" content=\"summary_large_image\" \/>\n<meta name=\"twitter:label1\" content=\"Est. reading time\" \/>\n\t<meta name=\"twitter:data1\" content=\"3 minutes\" \/>\n<script type=\"application\/ld+json\" class=\"yoast-schema-graph\">{\"@context\":\"https:\/\/schema.org\",\"@graph\":[{\"@type\":\"WebSite\",\"@id\":\"https:\/\/welcome.ieseg.fr\/#website\",\"url\":\"https:\/\/welcome.ieseg.fr\/\",\"name\":\"Welcome to I\u00c9SEG\",\"description\":\"Le site des admis \u00e0 l&#039;I\u00c9SEG\",\"potentialAction\":[{\"@type\":\"SearchAction\",\"target\":{\"@type\":\"EntryPoint\",\"urlTemplate\":\"https:\/\/welcome.ieseg.fr\/?s={search_term_string}\"},\"query-input\":\"required name=search_term_string\"}],\"inLanguage\":\"en-US\"},{\"@type\":\"WebPage\",\"@id\":\"https:\/\/welcome.ieseg.fr\/en\/new-academic-year\/welcome-seminars\/#webpage\",\"url\":\"https:\/\/welcome.ieseg.fr\/en\/new-academic-year\/welcome-seminars\/\",\"name\":\"Welcome Seminars - Welcome to I\u00c9SEG\",\"isPartOf\":{\"@id\":\"https:\/\/welcome.ieseg.fr\/#website\"},\"datePublished\":\"2024-06-30T12:01:41+00:00\",\"dateModified\":\"2026-03-27T09:44:42+00:00\",\"breadcrumb\":{\"@id\":\"https:\/\/welcome.ieseg.fr\/en\/new-academic-year\/welcome-seminars\/#breadcrumb\"},\"inLanguage\":\"en-US\",\"potentialAction\":[{\"@type\":\"ReadAction\",\"target\":[\"https:\/\/welcome.ieseg.fr\/en\/new-academic-year\/welcome-seminars\/\"]}]},{\"@type\":\"BreadcrumbList\",\"@id\":\"https:\/\/welcome.ieseg.fr\/en\/new-academic-year\/welcome-seminars\/#breadcrumb\",\"itemListElement\":[{\"@type\":\"ListItem\",\"position\":1,\"name\":\"Accueil\",\"item\":\"https:\/\/welcome.ieseg.fr\/\"},{\"@type\":\"ListItem\",\"position\":2,\"name\":\"My New Academic Year\",\"item\":\"https:\/\/welcome.ieseg.fr\/en\/new-academic-year\/\"},{\"@type\":\"ListItem\",\"position\":3,\"name\":\"Welcome Seminars\"}]}]}<\/script>\n<!-- \/ Yoast SEO plugin. -->","yoast_head_json":{"title":"Welcome Seminars - Welcome to I\u00c9SEG","robots":{"index":"index","follow":"follow","max-snippet":"max-snippet:-1","max-image-preview":"max-image-preview:large","max-video-preview":"max-video-preview:-1"},"canonical":"https:\/\/welcome.ieseg.fr\/en\/new-academic-year\/welcome-seminars\/","og_locale":"en_US","og_type":"article","og_title":"Welcome Seminars - Welcome to I\u00c9SEG","og_description":"We are really looking forward to you joining us here on Paris or Lille campus for your studies at I\u00c9SEG! The Welcome Seminars launch the new academic year. You&#8217;ll pick up your student card, get to know your campus, the student associations and all our teams. Please find below your back-to-school date by program. Please [&hellip;]","og_url":"https:\/\/welcome.ieseg.fr\/en\/new-academic-year\/welcome-seminars\/","og_site_name":"Welcome to I\u00c9SEG","article_modified_time":"2026-03-27T09:44:42+00:00","author":"anaisandreosso","twitter_card":"summary_large_image","twitter_misc":{"Est. reading time":"3 minutes"},"schema":{"@context":"https:\/\/schema.org","@graph":[{"@type":"WebSite","@id":"https:\/\/welcome.ieseg.fr\/#website","url":"https:\/\/welcome.ieseg.fr\/","name":"Welcome to I\u00c9SEG","description":"Le site des admis \u00e0 l&#039;I\u00c9SEG","potentialAction":[{"@type":"SearchAction","target":{"@type":"EntryPoint","urlTemplate":"https:\/\/welcome.ieseg.fr\/?s={search_term_string}"},"query-input":"required name=search_term_string"}],"inLanguage":"en-US"},{"@type":"WebPage","@id":"https:\/\/welcome.ieseg.fr\/en\/new-academic-year\/welcome-seminars\/#webpage","url":"https:\/\/welcome.ieseg.fr\/en\/new-academic-year\/welcome-seminars\/","name":"Welcome Seminars - Welcome to I\u00c9SEG","isPartOf":{"@id":"https:\/\/welcome.ieseg.fr\/#website"},"datePublished":"2024-06-30T12:01:41+00:00","dateModified":"2026-03-27T09:44:42+00:00","breadcrumb":{"@id":"https:\/\/welcome.ieseg.fr\/en\/new-academic-year\/welcome-seminars\/#breadcrumb"},"inLanguage":"en-US","potentialAction":[{"@type":"ReadAction","target":["https:\/\/welcome.ieseg.fr\/en\/new-academic-year\/welcome-seminars\/"]}]},{"@type":"BreadcrumbList","@id":"https:\/\/welcome.ieseg.fr\/en\/new-academic-year\/welcome-seminars\/#breadcrumb","itemListElement":[{"@type":"ListItem","position":1,"name":"Accueil","item":"https:\/\/welcome.ieseg.fr\/"},{"@type":"ListItem","position":2,"name":"My New Academic Year","item":"https:\/\/welcome.ieseg.fr\/en\/new-academic-year\/"},{"@type":"ListItem","position":3,"name":"Welcome Seminars"}]}]}},"_links":{"self":[{"href":"https:\/\/welcome.ieseg.fr\/en\/wp-json\/wp\/v2\/pages\/34"}],"collection":[{"href":"https:\/\/welcome.ieseg.fr\/en\/wp-json\/wp\/v2\/pages"}],"about":[{"href":"https:\/\/welcome.ieseg.fr\/en\/wp-json\/wp\/v2\/types\/page"}],"author":[{"embeddable":true,"href":"https:\/\/welcome.ieseg.fr\/en\/wp-json\/wp\/v2\/users\/705"}],"replies":[{"embeddable":true,"href":"https:\/\/welcome.ieseg.fr\/en\/wp-json\/wp\/v2\/comments?post=34"}],"version-history":[{"count":25,"href":"https:\/\/welcome.ieseg.fr\/en\/wp-json\/wp\/v2\/pages\/34\/revisions"}],"predecessor-version":[{"id":437,"href":"https:\/\/welcome.ieseg.fr\/en\/wp-json\/wp\/v2\/pages\/34\/revisions\/437"}],"up":[{"embeddable":true,"href":"https:\/\/welcome.ieseg.fr\/en\/wp-json\/wp\/v2\/pages\/21"}],"wp:attachment":[{"href":"https:\/\/welcome.ieseg.fr\/en\/wp-json\/wp\/v2\/media?parent=34"}],"curies":[{"name":"wp","href":"https:\/\/api.w.org\/{rel}","templated":true}]}}