{"id":43,"date":"2024-06-30T14:03:43","date_gmt":"2024-06-30T12:03:43","guid":{"rendered":"https:\/\/welcome.ieseg.fr\/?page_id=43"},"modified":"2025-06-30T12:03:21","modified_gmt":"2025-06-30T10:03:21","slug":"tailored-adjustments","status":"publish","type":"page","link":"https:\/\/welcome.ieseg.fr\/en\/schooling\/tailored-adjustments\/","title":{"rendered":"Tailored Adjustments"},"content":{"rendered":"<div class=\"intro\">\n<p>    <strong>The School pays particular attention to students with special needs and supports them throughout their academic path. The objective is to enable them to reconcile their schooling with their personal needs, while promoting their commitment and fulfilment.<\/p>\n<p>Would you like to benefit from specific accommodation? I\u00c9SEG offers specific statuses accessible to all students in the Grande Ecole Program, the Bachelor in International Business and the Specialized Masters (PGP), and regular support throughout the year.<\/strong><\/p>\n<\/div>\n<p>&nbsp;<\/p>\n<nav>\n<ul>\n<li><a href=\"#menu_1\">Health Accommodations<\/a><\/li>\n<li><a href=\"#menu_2\">Caring Students<\/a><\/li>\n<li><a href=\"#menu_3\">Artist Students<\/a><\/li>\n<li><a href=\"#menu_4\">Entrepreneur Students<\/a><\/li>\n<li><a href=\"#menu_5\">Reservist Students<\/a><\/li>\n<li><a href=\"#menu_6\">Top athlete Students<\/a><\/li>\n<\/ul>\n<\/nav>\n<p>&nbsp;<\/p>\n<h2 id=\"menu_1\">Health Accommodations<\/h2>\n<p>&nbsp;<\/p>\n<h3>Health Support Mission (MAS)<\/h3>\n<p>The referents of the School&#8217;<strong>s Health Support Mission (MAS) support students who need an adjustment to their schooling<\/strong>, such as, for example, additional time for exams, the use of specific equipment, authorization to access elevators, etc.<\/p>\n<p>To benefit from these adjustments, it is necessary to apply for them, <strong>whether it is a first application or a renewal<\/strong>.<\/p>\n<p>For more information, you can contact the MAS referents at <a href=\"mailto:mas-sante@ieseg.fr\">mas-sante@ieseg.fr<\/a>.<\/p>\n<p>&nbsp;<\/p>\n<h3>Students with disabilities<\/h3>\n<p>The disability referent <strong>welcomes and accompanies students<\/strong> with disabilities throughout their path on the Lille and Paris campuses.<\/p>\n<p>You can contact her at <a href=\"mailto:handicap@ieseg.fr\">handicap@ieseg.fr<\/a>.<\/p>\n<p>&nbsp;<\/p>\n<h2 id=\"menu_2\">Caring Students<\/h2>\n<p>You will regularly and frequently help a member of your close circle who is losing their autonomy for reasons related to age, disability, chronic or disabling illness in order to provide support and carry out all or part of the acts or activities of daily life on a non-professional basis.<\/p>\n<p>The loved one can be:<\/p>\n<ul>\n<li>A member of your family (father, mother, brother or sister, spouse, child, grandmother, grandfather, etc.)<\/li>\n<li>Your cohabiting partner, your civil partner or a person with whom you have a close and stable relationship.<\/li>\n<\/ul>\n<p>(<a href=\"https:\/\/www.etudiant.gouv.fr\/fr\/etre-etudiant-aidant-3135\" target=\"_blank\" rel=\"noopener\">Being a student caregiver | \u00c9tudiant.gouv<\/a>)<\/p>\n<p>To find out if you are eligible, contact the Studies Department: <a href=\"mailto:DirectiondesEtudes@ieseg.fr\">DirectiondesEtudes@ieseg.fr<\/a>.<\/p>\n<p>&nbsp;<\/p>\n<h2 id=\"menu_3\">Artist Students<\/h2>\n<p>To obtain the status of Artist Student, it is necessary to be able to justify that the artistic activity is carried out intensively, on a professional basis, or at least recognized.<\/p>\n<p>To apply for the status, send your supporting documents (motivation file + SACEM registration, contracts and any other document justifying your practice) to the Studies Department: <a href=\"mailto:DirectiondesEtudes@ieseg.fr\">DirectiondesEtudes@ieseg.fr<\/a>.<\/p>\n<p>NB : Being enrolled in an artistic training course (e.g. Cours Florent), does not make you eligible for these accommodations.<\/p>\n<p>&nbsp;<\/p>\n<h2 id=\"menu_4\">Entrepreneur Students<\/h2>\n<p>To obtain the status of Entrepreneur Student, you must have a business project and <strong>be incubated at the I\u00c9SEG Incubator<\/strong> before September 10th.<\/p>\n<p>To join the I\u00c9SEG Incubator and benefit from support on your project, <a href=\"https:\/\/incubateur.ieseg.fr\/\" target=\"_blank\" rel=\"noopener\">visit the I\u00c9SEG Incubator<\/a> website for more information.<\/p>\n<p>&nbsp;<\/p>\n<h2 id=\"menu_5\">Reservist Students<\/h2>\n<p>To obtain the status of Reservist Student, you must be <strong>enrolled in one of the Corps of the French Army<\/strong> as a reservist for the following academic year.<\/p>\n<p>To apply for the status, send your supporting documents (motivation file + Contract of engagement with the Army Corps valid for the current academic year) to the Studies Department: <a href=\"mailto:DirectiondesEtudes@ieseg.fr\" target=\"_blank\" rel=\"noopener\">DirectiondesEtudes@ieseg.fr<\/a>.<\/p>\n<p>&nbsp;<\/p>\n<h2 id=\"menu_6\">Top Athlete Students<\/h2>\n<p>To obtain the status of Top Athlete Student, you must practice a sport while being engaged in a regional\/national\/international championship or by being on the ministerial lists.<\/p>\n<p>To apply for the status, send your supporting documents (motivation file + if applicable, certificate of registration in a club for the following academic year, ranking, calendar, training, press, contracts, etc.) to the Studies Department: <a href=\"mailto:DirectiondesEtudes@ieseg.fr\" target=\"_blank\" rel=\"noopener\">DirectiondesEtudes@ieseg.fr<\/a>.<\/p>\n","protected":false},"excerpt":{"rendered":"<p>The School pays particular attention to students with special needs and supports them throughout their academic path. The objective is to enable them to reconcile their schooling with their personal needs, while promoting their commitment and fulfilment. Would you like to benefit from specific accommodation? I\u00c9SEG offers specific statuses accessible to all students in the [&hellip;]<\/p>\n","protected":false},"author":705,"featured_media":0,"parent":38,"menu_order":0,"comment_status":"closed","ping_status":"closed","template":"","meta":[],"yoast_head":"<!-- This site is optimized with the Yoast SEO plugin v19.2 - https:\/\/yoast.com\/wordpress\/plugins\/seo\/ -->\n<title>Tailored Adjustments - Welcome to I\u00c9SEG<\/title>\n<meta name=\"robots\" content=\"index, follow, max-snippet:-1, max-image-preview:large, max-video-preview:-1\" \/>\n<link rel=\"canonical\" href=\"https:\/\/welcome.ieseg.fr\/en\/schooling\/tailored-adjustments\/\" \/>\n<meta property=\"og:locale\" content=\"en_US\" \/>\n<meta property=\"og:type\" content=\"article\" \/>\n<meta property=\"og:title\" content=\"Tailored Adjustments - Welcome to I\u00c9SEG\" \/>\n<meta property=\"og:description\" content=\"The School pays particular attention to students with special needs and supports them throughout their academic path. The objective is to enable them to reconcile their schooling with their personal needs, while promoting their commitment and fulfilment. Would you like to benefit from specific accommodation? I\u00c9SEG offers specific statuses accessible to all students in the [&hellip;]\" \/>\n<meta property=\"og:url\" content=\"https:\/\/welcome.ieseg.fr\/en\/schooling\/tailored-adjustments\/\" \/>\n<meta property=\"og:site_name\" content=\"Welcome to I\u00c9SEG\" \/>\n<meta property=\"article:modified_time\" content=\"2025-06-30T10:03:21+00:00\" \/>\n<meta name=\"author\" content=\"anaisandreosso\" \/>\n<meta name=\"twitter:card\" content=\"summary_large_image\" \/>\n<meta name=\"twitter:label1\" content=\"Est. reading time\" \/>\n\t<meta name=\"twitter:data1\" content=\"3 minutes\" \/>\n<script type=\"application\/ld+json\" class=\"yoast-schema-graph\">{\"@context\":\"https:\/\/schema.org\",\"@graph\":[{\"@type\":\"WebSite\",\"@id\":\"https:\/\/welcome.ieseg.fr\/#website\",\"url\":\"https:\/\/welcome.ieseg.fr\/\",\"name\":\"Welcome to I\u00c9SEG\",\"description\":\"Le site des admis \u00e0 l&#039;I\u00c9SEG\",\"potentialAction\":[{\"@type\":\"SearchAction\",\"target\":{\"@type\":\"EntryPoint\",\"urlTemplate\":\"https:\/\/welcome.ieseg.fr\/?s={search_term_string}\"},\"query-input\":\"required name=search_term_string\"}],\"inLanguage\":\"en-US\"},{\"@type\":\"WebPage\",\"@id\":\"https:\/\/welcome.ieseg.fr\/en\/schooling\/tailored-adjustments\/#webpage\",\"url\":\"https:\/\/welcome.ieseg.fr\/en\/schooling\/tailored-adjustments\/\",\"name\":\"Tailored Adjustments - Welcome to I\u00c9SEG\",\"isPartOf\":{\"@id\":\"https:\/\/welcome.ieseg.fr\/#website\"},\"datePublished\":\"2024-06-30T12:03:43+00:00\",\"dateModified\":\"2025-06-30T10:03:21+00:00\",\"breadcrumb\":{\"@id\":\"https:\/\/welcome.ieseg.fr\/en\/schooling\/tailored-adjustments\/#breadcrumb\"},\"inLanguage\":\"en-US\",\"potentialAction\":[{\"@type\":\"ReadAction\",\"target\":[\"https:\/\/welcome.ieseg.fr\/en\/schooling\/tailored-adjustments\/\"]}]},{\"@type\":\"BreadcrumbList\",\"@id\":\"https:\/\/welcome.ieseg.fr\/en\/schooling\/tailored-adjustments\/#breadcrumb\",\"itemListElement\":[{\"@type\":\"ListItem\",\"position\":1,\"name\":\"Accueil\",\"item\":\"https:\/\/welcome.ieseg.fr\/\"},{\"@type\":\"ListItem\",\"position\":2,\"name\":\"My Schooling\",\"item\":\"https:\/\/welcome.ieseg.fr\/en\/schooling\/\"},{\"@type\":\"ListItem\",\"position\":3,\"name\":\"Tailored Adjustments\"}]}]}<\/script>\n<!-- \/ Yoast SEO plugin. -->","yoast_head_json":{"title":"Tailored Adjustments - Welcome to I\u00c9SEG","robots":{"index":"index","follow":"follow","max-snippet":"max-snippet:-1","max-image-preview":"max-image-preview:large","max-video-preview":"max-video-preview:-1"},"canonical":"https:\/\/welcome.ieseg.fr\/en\/schooling\/tailored-adjustments\/","og_locale":"en_US","og_type":"article","og_title":"Tailored Adjustments - Welcome to I\u00c9SEG","og_description":"The School pays particular attention to students with special needs and supports them throughout their academic path. The objective is to enable them to reconcile their schooling with their personal needs, while promoting their commitment and fulfilment. Would you like to benefit from specific accommodation? I\u00c9SEG offers specific statuses accessible to all students in the [&hellip;]","og_url":"https:\/\/welcome.ieseg.fr\/en\/schooling\/tailored-adjustments\/","og_site_name":"Welcome to I\u00c9SEG","article_modified_time":"2025-06-30T10:03:21+00:00","author":"anaisandreosso","twitter_card":"summary_large_image","twitter_misc":{"Est. reading time":"3 minutes"},"schema":{"@context":"https:\/\/schema.org","@graph":[{"@type":"WebSite","@id":"https:\/\/welcome.ieseg.fr\/#website","url":"https:\/\/welcome.ieseg.fr\/","name":"Welcome to I\u00c9SEG","description":"Le site des admis \u00e0 l&#039;I\u00c9SEG","potentialAction":[{"@type":"SearchAction","target":{"@type":"EntryPoint","urlTemplate":"https:\/\/welcome.ieseg.fr\/?s={search_term_string}"},"query-input":"required name=search_term_string"}],"inLanguage":"en-US"},{"@type":"WebPage","@id":"https:\/\/welcome.ieseg.fr\/en\/schooling\/tailored-adjustments\/#webpage","url":"https:\/\/welcome.ieseg.fr\/en\/schooling\/tailored-adjustments\/","name":"Tailored Adjustments - Welcome to I\u00c9SEG","isPartOf":{"@id":"https:\/\/welcome.ieseg.fr\/#website"},"datePublished":"2024-06-30T12:03:43+00:00","dateModified":"2025-06-30T10:03:21+00:00","breadcrumb":{"@id":"https:\/\/welcome.ieseg.fr\/en\/schooling\/tailored-adjustments\/#breadcrumb"},"inLanguage":"en-US","potentialAction":[{"@type":"ReadAction","target":["https:\/\/welcome.ieseg.fr\/en\/schooling\/tailored-adjustments\/"]}]},{"@type":"BreadcrumbList","@id":"https:\/\/welcome.ieseg.fr\/en\/schooling\/tailored-adjustments\/#breadcrumb","itemListElement":[{"@type":"ListItem","position":1,"name":"Accueil","item":"https:\/\/welcome.ieseg.fr\/"},{"@type":"ListItem","position":2,"name":"My Schooling","item":"https:\/\/welcome.ieseg.fr\/en\/schooling\/"},{"@type":"ListItem","position":3,"name":"Tailored Adjustments"}]}]}},"_links":{"self":[{"href":"https:\/\/welcome.ieseg.fr\/en\/wp-json\/wp\/v2\/pages\/43"}],"collection":[{"href":"https:\/\/welcome.ieseg.fr\/en\/wp-json\/wp\/v2\/pages"}],"about":[{"href":"https:\/\/welcome.ieseg.fr\/en\/wp-json\/wp\/v2\/types\/page"}],"author":[{"embeddable":true,"href":"https:\/\/welcome.ieseg.fr\/en\/wp-json\/wp\/v2\/users\/705"}],"replies":[{"embeddable":true,"href":"https:\/\/welcome.ieseg.fr\/en\/wp-json\/wp\/v2\/comments?post=43"}],"version-history":[{"count":5,"href":"https:\/\/welcome.ieseg.fr\/en\/wp-json\/wp\/v2\/pages\/43\/revisions"}],"predecessor-version":[{"id":347,"href":"https:\/\/welcome.ieseg.fr\/en\/wp-json\/wp\/v2\/pages\/43\/revisions\/347"}],"up":[{"embeddable":true,"href":"https:\/\/welcome.ieseg.fr\/en\/wp-json\/wp\/v2\/pages\/38"}],"wp:attachment":[{"href":"https:\/\/welcome.ieseg.fr\/en\/wp-json\/wp\/v2\/media?parent=43"}],"curies":[{"name":"wp","href":"https:\/\/api.w.org\/{rel}","templated":true}]}}