{"id":47,"date":"2024-06-30T14:04:32","date_gmt":"2024-06-30T12:04:32","guid":{"rendered":"https:\/\/welcome.ieseg.fr\/?page_id=47"},"modified":"2024-06-30T14:05:07","modified_gmt":"2024-06-30T12:05:07","slug":"tools","status":"publish","type":"page","link":"https:\/\/welcome.ieseg.fr\/en\/schooling\/tools\/","title":{"rendered":"My Tools"},"content":{"rendered":"<div class=\"intro\">\n<p><strong>Throughout your studies at I\u00c9SEG, several tools are available to support your academic journey and student life.<\/strong><\/p>\n<\/div>\n<p>&nbsp;<\/p>\n<p><strong>Those tools are accessible with your I\u00c9SEG login only (except for the app &#8220;I\u00c9SEG Connect&#8221;).<\/strong><\/p>\n<p>&nbsp;<\/p>\n<h2>The intranet &#8220;My I\u00c9SEG&#8221;<\/h2>\n<p><strong>\u201cMy I\u00c9SEG\u201d\u2019is the school&#8217;s intranet.<\/strong> This platform is the gateway to all the information you need during your studies, as well as all the applications used at I\u00c9SEG (MyCourses, MyStudies, MyDirectory, MySupport, etc.).<\/p>\n<p>Thanks to this platform, you&#8217;ll find all the official documents for the school and your program, as well as the latest news and practical information for each campus.<\/p>\n<p><a href=\"https:\/\/my.ieseg.fr\/\" target=\"_blank\" rel=\"noopener\">my.ieseg.fr<\/a><\/p>\n<p>&nbsp;<\/p>\n<h2>MyStudies<\/h2>\n<p><strong>The MyStudies platform is your personal online space.<\/strong> It contains all information relating to your studies at I\u00c9SEG. You will find the following sections: My schedule, My courses, My grades, My absences, My certificate of attendance, etc. Your parents can also access this site.<\/p>\n<p>It should be consulted daily, just like your I\u00c9SEG mailbox. Regular updates will bring you new information. Your login details will be sent to you during the summer, after you have completed your registration.<\/p>\n<p><a href=\"https:\/\/mystudies.ieseg.fr\/\" target=\"_blank\" rel=\"noopener\">mystudies.ieseg.fr<\/a><\/p>\n<p>&nbsp;<\/p>\n<h2>MyCourses<\/h2>\n<p><strong>MyCourses is the teaching platform used by teachers and students.<\/strong><\/p>\n<p>Students have access to course materials, a wide range of additional resources, information on course sessions and more.<\/p>\n<p><a href=\"https:\/\/mycourses.ieseg.fr\/\" target=\"_blank\" rel=\"noopener\">mycourses.ieseg.fr<\/a><\/p>\n<p>&nbsp;<\/p>\n<h2>I\u00c9SEG Connect, the I\u00c9SEG App for Students<\/h2>\n<p><strong>Download the I\u00c9SEG Connect mobile application to make your day-to-day life easier!<\/strong><\/p>\n<p>You&#8217;ll find: your course schedule, your latest grades, job offers, internships and work-study programs, upcoming career events, a map of our campuses, useful links to the directory, the ticketing platform, the Media Center and the latest news from your school.<\/p>\n<p>Activate notifications, to be warned of room changes for a course, or any other event (unscheduled building closure, internet outage, important message, etc.).<\/p>\n","protected":false},"excerpt":{"rendered":"<p>Throughout your studies at I\u00c9SEG, several tools are available to support your academic journey and student life. &nbsp; Those tools are accessible with your I\u00c9SEG login only (except for the app &#8220;I\u00c9SEG Connect&#8221;). &nbsp; The intranet &#8220;My I\u00c9SEG&#8221; \u201cMy I\u00c9SEG\u201d\u2019is the school&#8217;s intranet. This platform is the gateway to all the information you need during [&hellip;]<\/p>\n","protected":false},"author":705,"featured_media":0,"parent":38,"menu_order":0,"comment_status":"closed","ping_status":"closed","template":"","meta":[],"yoast_head":"<!-- This site is optimized with the Yoast SEO plugin v19.2 - https:\/\/yoast.com\/wordpress\/plugins\/seo\/ -->\n<title>My Tools - Welcome to I\u00c9SEG<\/title>\n<meta name=\"robots\" content=\"index, follow, max-snippet:-1, max-image-preview:large, max-video-preview:-1\" \/>\n<link rel=\"canonical\" href=\"https:\/\/welcome.ieseg.fr\/en\/schooling\/tools\/\" \/>\n<meta property=\"og:locale\" content=\"en_US\" \/>\n<meta property=\"og:type\" content=\"article\" \/>\n<meta property=\"og:title\" content=\"My Tools - Welcome to I\u00c9SEG\" \/>\n<meta property=\"og:description\" content=\"Throughout your studies at I\u00c9SEG, several tools are available to support your academic journey and student life. &nbsp; Those tools are accessible with your I\u00c9SEG login only (except for the app &#8220;I\u00c9SEG Connect&#8221;). &nbsp; The intranet &#8220;My I\u00c9SEG&#8221; \u201cMy I\u00c9SEG\u201d\u2019is the school&#8217;s intranet. This platform is the gateway to all the information you need during [&hellip;]\" \/>\n<meta property=\"og:url\" content=\"https:\/\/welcome.ieseg.fr\/en\/schooling\/tools\/\" \/>\n<meta property=\"og:site_name\" content=\"Welcome to I\u00c9SEG\" \/>\n<meta property=\"article:modified_time\" content=\"2024-06-30T12:05:07+00:00\" \/>\n<meta name=\"author\" content=\"anaisandreosso\" \/>\n<meta name=\"twitter:card\" content=\"summary_large_image\" \/>\n<meta name=\"twitter:label1\" content=\"Est. reading time\" \/>\n\t<meta name=\"twitter:data1\" content=\"2 minutes\" \/>\n<script type=\"application\/ld+json\" class=\"yoast-schema-graph\">{\"@context\":\"https:\/\/schema.org\",\"@graph\":[{\"@type\":\"WebSite\",\"@id\":\"https:\/\/welcome.ieseg.fr\/#website\",\"url\":\"https:\/\/welcome.ieseg.fr\/\",\"name\":\"Welcome to I\u00c9SEG\",\"description\":\"Le site des admis \u00e0 l&#039;I\u00c9SEG\",\"potentialAction\":[{\"@type\":\"SearchAction\",\"target\":{\"@type\":\"EntryPoint\",\"urlTemplate\":\"https:\/\/welcome.ieseg.fr\/?s={search_term_string}\"},\"query-input\":\"required name=search_term_string\"}],\"inLanguage\":\"en-US\"},{\"@type\":\"WebPage\",\"@id\":\"https:\/\/welcome.ieseg.fr\/en\/schooling\/tools\/#webpage\",\"url\":\"https:\/\/welcome.ieseg.fr\/en\/schooling\/tools\/\",\"name\":\"My Tools - Welcome to I\u00c9SEG\",\"isPartOf\":{\"@id\":\"https:\/\/welcome.ieseg.fr\/#website\"},\"datePublished\":\"2024-06-30T12:04:32+00:00\",\"dateModified\":\"2024-06-30T12:05:07+00:00\",\"breadcrumb\":{\"@id\":\"https:\/\/welcome.ieseg.fr\/en\/schooling\/tools\/#breadcrumb\"},\"inLanguage\":\"en-US\",\"potentialAction\":[{\"@type\":\"ReadAction\",\"target\":[\"https:\/\/welcome.ieseg.fr\/en\/schooling\/tools\/\"]}]},{\"@type\":\"BreadcrumbList\",\"@id\":\"https:\/\/welcome.ieseg.fr\/en\/schooling\/tools\/#breadcrumb\",\"itemListElement\":[{\"@type\":\"ListItem\",\"position\":1,\"name\":\"Accueil\",\"item\":\"https:\/\/welcome.ieseg.fr\/\"},{\"@type\":\"ListItem\",\"position\":2,\"name\":\"My Schooling\",\"item\":\"https:\/\/welcome.ieseg.fr\/en\/schooling\/\"},{\"@type\":\"ListItem\",\"position\":3,\"name\":\"My Tools\"}]}]}<\/script>\n<!-- \/ Yoast SEO plugin. -->","yoast_head_json":{"title":"My Tools - Welcome to I\u00c9SEG","robots":{"index":"index","follow":"follow","max-snippet":"max-snippet:-1","max-image-preview":"max-image-preview:large","max-video-preview":"max-video-preview:-1"},"canonical":"https:\/\/welcome.ieseg.fr\/en\/schooling\/tools\/","og_locale":"en_US","og_type":"article","og_title":"My Tools - Welcome to I\u00c9SEG","og_description":"Throughout your studies at I\u00c9SEG, several tools are available to support your academic journey and student life. &nbsp; Those tools are accessible with your I\u00c9SEG login only (except for the app &#8220;I\u00c9SEG Connect&#8221;). &nbsp; The intranet &#8220;My I\u00c9SEG&#8221; \u201cMy I\u00c9SEG\u201d\u2019is the school&#8217;s intranet. This platform is the gateway to all the information you need during [&hellip;]","og_url":"https:\/\/welcome.ieseg.fr\/en\/schooling\/tools\/","og_site_name":"Welcome to I\u00c9SEG","article_modified_time":"2024-06-30T12:05:07+00:00","author":"anaisandreosso","twitter_card":"summary_large_image","twitter_misc":{"Est. reading time":"2 minutes"},"schema":{"@context":"https:\/\/schema.org","@graph":[{"@type":"WebSite","@id":"https:\/\/welcome.ieseg.fr\/#website","url":"https:\/\/welcome.ieseg.fr\/","name":"Welcome to I\u00c9SEG","description":"Le site des admis \u00e0 l&#039;I\u00c9SEG","potentialAction":[{"@type":"SearchAction","target":{"@type":"EntryPoint","urlTemplate":"https:\/\/welcome.ieseg.fr\/?s={search_term_string}"},"query-input":"required name=search_term_string"}],"inLanguage":"en-US"},{"@type":"WebPage","@id":"https:\/\/welcome.ieseg.fr\/en\/schooling\/tools\/#webpage","url":"https:\/\/welcome.ieseg.fr\/en\/schooling\/tools\/","name":"My Tools - Welcome to I\u00c9SEG","isPartOf":{"@id":"https:\/\/welcome.ieseg.fr\/#website"},"datePublished":"2024-06-30T12:04:32+00:00","dateModified":"2024-06-30T12:05:07+00:00","breadcrumb":{"@id":"https:\/\/welcome.ieseg.fr\/en\/schooling\/tools\/#breadcrumb"},"inLanguage":"en-US","potentialAction":[{"@type":"ReadAction","target":["https:\/\/welcome.ieseg.fr\/en\/schooling\/tools\/"]}]},{"@type":"BreadcrumbList","@id":"https:\/\/welcome.ieseg.fr\/en\/schooling\/tools\/#breadcrumb","itemListElement":[{"@type":"ListItem","position":1,"name":"Accueil","item":"https:\/\/welcome.ieseg.fr\/"},{"@type":"ListItem","position":2,"name":"My Schooling","item":"https:\/\/welcome.ieseg.fr\/en\/schooling\/"},{"@type":"ListItem","position":3,"name":"My Tools"}]}]}},"_links":{"self":[{"href":"https:\/\/welcome.ieseg.fr\/en\/wp-json\/wp\/v2\/pages\/47"}],"collection":[{"href":"https:\/\/welcome.ieseg.fr\/en\/wp-json\/wp\/v2\/pages"}],"about":[{"href":"https:\/\/welcome.ieseg.fr\/en\/wp-json\/wp\/v2\/types\/page"}],"author":[{"embeddable":true,"href":"https:\/\/welcome.ieseg.fr\/en\/wp-json\/wp\/v2\/users\/705"}],"replies":[{"embeddable":true,"href":"https:\/\/welcome.ieseg.fr\/en\/wp-json\/wp\/v2\/comments?post=47"}],"version-history":[{"count":1,"href":"https:\/\/welcome.ieseg.fr\/en\/wp-json\/wp\/v2\/pages\/47\/revisions"}],"predecessor-version":[{"id":48,"href":"https:\/\/welcome.ieseg.fr\/en\/wp-json\/wp\/v2\/pages\/47\/revisions\/48"}],"up":[{"embeddable":true,"href":"https:\/\/welcome.ieseg.fr\/en\/wp-json\/wp\/v2\/pages\/38"}],"wp:attachment":[{"href":"https:\/\/welcome.ieseg.fr\/en\/wp-json\/wp\/v2\/media?parent=47"}],"curies":[{"name":"wp","href":"https:\/\/api.w.org\/{rel}","templated":true}]}}