{"id":49,"date":"2024-06-30T14:05:56","date_gmt":"2024-06-30T12:05:56","guid":{"rendered":"https:\/\/welcome.ieseg.fr\/?page_id=49"},"modified":"2024-07-17T18:12:54","modified_gmt":"2024-07-17T16:12:54","slug":"course-registration-exchange-students","status":"publish","type":"page","link":"https:\/\/welcome.ieseg.fr\/en\/schooling\/course-registration-exchange-students\/","title":{"rendered":"Course registration for Exchange students"},"content":{"rendered":"<h2>Academic levels offered<\/h2>\n<ul>\n<li>Undergraduate and Graduate &#8211; within Grande \u00c9cole Program only.<\/li>\n<li>Bachelor students have access to Bachelor courses (our Bachelor cycle is 3 years).<\/li>\n<li>Incoming exchange students at Bachelor level will choose courses from the 6th semester of our Bachelor cycle.<\/li>\n<li>Master students have access to Master courses.<\/li>\n<li><span class=\"ui-provider a b c d e f g h i j k l m n o p q r s t u v w x y z ab ac ae af ag ah ai aj ak\" dir=\"ltr\">Students who will be in their 4th year of Bachelor cycle will have to choose between either our bachelor or master-level courses<\/span>.<\/li>\n<\/ul>\n<p>&nbsp;<\/p>\n<h2>Language of instruction<\/h2>\n<p>All business courses are offered in English.<\/p>\n<p>Working level of English is requested. No official test is required for partner universities\u2019 students.<\/p>\n<p>&nbsp;<\/p>\n<h2>List of courses<\/h2>\n<p>A provisional list of courses available for exchange students and syllabi are <a href=\"https:\/\/www.ieseg.fr\/en\/international\/study-at-ieseg-in-exchange\/course-list\/\" target=\"_blank\" rel=\"noopener\">downloadable on I\u00c9SEG website<\/a>.<\/p>\n<p>The updated list will be sent later along with the information about the course registration.<\/p>\n<p>&nbsp;<\/p>\n<h2>Course load<\/h2>\n<p>A regular semester load is 30 ECTS credits (European Credit Transfer System), and we accept a minimum of 20 ECTS from incoming exchange students. Make sure you know how many credits you need to validate.<\/p>\n<p>There are extensive (semester long) and intensive (week long) courses, and the number of contact hours varies from the format and the level of the course. Courses vary between 2 and 6 credits, so they should take between 8 and 12 courses per semester to reach 30 ECTS. A semester is 13\/14 weeks; 1 ECTS credit is equivalent to twenty-five hours of work (including contact hours).<\/p>\n<p>&nbsp;<\/p>\n<h2>Course enrollment<\/h2>\n<p>Students will have to complete an online course selection a few weeks before the semester starts, they will receive further information regarding the course registration by email.<\/p>\n<p>Students will be able to see if there is any course overlap only during the mandatory orientation seminar with timetables available on MyStudies. Our academic advisors will help them with their course schedule.<\/p>\n<p>While every effort is made to ensure the accuracy of the information available at the time the course list is prepared, the institution reserves the right to make changes. Students should be prepared to select new courses if their initial requests are not available.<\/p>\n<p>&nbsp;<\/p>\n<h2>French as foreign language<\/h2>\n<p>Courses for beginners, pre-intermediates, intermediates and Business French for advanced levels are offered each semester at no extra cost to our partner universities. A French language test is scheduled prior to the arrival.<\/p>\n<p>&nbsp;<\/p>\n<h2>Grading system<\/h2>\n<p>Grading scale goes from 0 to 20. Grades usually are the results from a mix of written and oral examinations, essays, research papers, attendance and class participation.<\/p>\n<p>The lowest passing grade for exchange students is 10\/20 for Bachelor and Master courses.<\/p>\n<p><a href=\"https:\/\/welcome.ieseg.fr\/wp-content\/uploads\/sites\/34\/2024\/07\/IESEG-International-Grade-Conversion-Scale.pdf\" target=\"_blank\" rel=\"noopener\">Read the I\u00c9SEG international grade conversion scale<\/a><\/p>\n<p>&nbsp;<\/p>\n<h2>Failed courses<\/h2>\n<p>No retake exam session will be organized.<\/p>\n<p>&nbsp;<\/p>\n<ul class=\"big-list\">\n<li>Double Degree students coming through exchange agreements at I\u00c9SEG will be considered as regular I\u00c9SEG degree-seeking students (bachelor and master level).<br \/>\nWhen required by the Program, these students will choose courses through tools and processes used for regular Grande Ecole Program or Bachelor in International Business degree-seeking students, not through the exchange program tools. Students will receive further information regarding the course registration by email.<\/li>\n<\/ul>\n","protected":false},"excerpt":{"rendered":"<p>Academic levels offered Undergraduate and Graduate &#8211; within Grande \u00c9cole Program only. Bachelor students have access to Bachelor courses (our Bachelor cycle is 3 years). Incoming exchange students at Bachelor level will choose courses from the 6th semester of our Bachelor cycle. Master students have access to Master courses. Students who will be in their [&hellip;]<\/p>\n","protected":false},"author":705,"featured_media":0,"parent":38,"menu_order":0,"comment_status":"closed","ping_status":"closed","template":"","meta":[],"yoast_head":"<!-- This site is optimized with the Yoast SEO plugin v19.2 - https:\/\/yoast.com\/wordpress\/plugins\/seo\/ -->\n<title>Course registration for Exchange students - Welcome to I\u00c9SEG<\/title>\n<meta name=\"robots\" content=\"index, follow, max-snippet:-1, max-image-preview:large, max-video-preview:-1\" \/>\n<link rel=\"canonical\" href=\"https:\/\/welcome.ieseg.fr\/en\/schooling\/course-registration-exchange-students\/\" \/>\n<meta property=\"og:locale\" content=\"en_US\" \/>\n<meta property=\"og:type\" content=\"article\" \/>\n<meta property=\"og:title\" content=\"Course registration for Exchange students - Welcome to I\u00c9SEG\" \/>\n<meta property=\"og:description\" content=\"Academic levels offered Undergraduate and Graduate &#8211; within Grande \u00c9cole Program only. Bachelor students have access to Bachelor courses (our Bachelor cycle is 3 years). Incoming exchange students at Bachelor level will choose courses from the 6th semester of our Bachelor cycle. Master students have access to Master courses. Students who will be in their [&hellip;]\" \/>\n<meta property=\"og:url\" content=\"https:\/\/welcome.ieseg.fr\/en\/schooling\/course-registration-exchange-students\/\" \/>\n<meta property=\"og:site_name\" content=\"Welcome to I\u00c9SEG\" \/>\n<meta property=\"article:modified_time\" content=\"2024-07-17T16:12:54+00:00\" \/>\n<meta name=\"author\" content=\"anaisandreosso\" \/>\n<meta name=\"twitter:card\" content=\"summary_large_image\" \/>\n<meta name=\"twitter:label1\" content=\"Est. reading time\" \/>\n\t<meta name=\"twitter:data1\" content=\"3 minutes\" \/>\n<script type=\"application\/ld+json\" class=\"yoast-schema-graph\">{\"@context\":\"https:\/\/schema.org\",\"@graph\":[{\"@type\":\"WebSite\",\"@id\":\"https:\/\/welcome.ieseg.fr\/#website\",\"url\":\"https:\/\/welcome.ieseg.fr\/\",\"name\":\"Welcome to I\u00c9SEG\",\"description\":\"Le site des admis \u00e0 l&#039;I\u00c9SEG\",\"potentialAction\":[{\"@type\":\"SearchAction\",\"target\":{\"@type\":\"EntryPoint\",\"urlTemplate\":\"https:\/\/welcome.ieseg.fr\/?s={search_term_string}\"},\"query-input\":\"required name=search_term_string\"}],\"inLanguage\":\"en-US\"},{\"@type\":\"WebPage\",\"@id\":\"https:\/\/welcome.ieseg.fr\/en\/schooling\/course-registration-exchange-students\/#webpage\",\"url\":\"https:\/\/welcome.ieseg.fr\/en\/schooling\/course-registration-exchange-students\/\",\"name\":\"Course registration for Exchange students - Welcome to I\u00c9SEG\",\"isPartOf\":{\"@id\":\"https:\/\/welcome.ieseg.fr\/#website\"},\"datePublished\":\"2024-06-30T12:05:56+00:00\",\"dateModified\":\"2024-07-17T16:12:54+00:00\",\"breadcrumb\":{\"@id\":\"https:\/\/welcome.ieseg.fr\/en\/schooling\/course-registration-exchange-students\/#breadcrumb\"},\"inLanguage\":\"en-US\",\"potentialAction\":[{\"@type\":\"ReadAction\",\"target\":[\"https:\/\/welcome.ieseg.fr\/en\/schooling\/course-registration-exchange-students\/\"]}]},{\"@type\":\"BreadcrumbList\",\"@id\":\"https:\/\/welcome.ieseg.fr\/en\/schooling\/course-registration-exchange-students\/#breadcrumb\",\"itemListElement\":[{\"@type\":\"ListItem\",\"position\":1,\"name\":\"Accueil\",\"item\":\"https:\/\/welcome.ieseg.fr\/\"},{\"@type\":\"ListItem\",\"position\":2,\"name\":\"My Schooling\",\"item\":\"https:\/\/welcome.ieseg.fr\/en\/schooling\/\"},{\"@type\":\"ListItem\",\"position\":3,\"name\":\"Course registration for Exchange students\"}]}]}<\/script>\n<!-- \/ Yoast SEO plugin. -->","yoast_head_json":{"title":"Course registration for Exchange students - Welcome to I\u00c9SEG","robots":{"index":"index","follow":"follow","max-snippet":"max-snippet:-1","max-image-preview":"max-image-preview:large","max-video-preview":"max-video-preview:-1"},"canonical":"https:\/\/welcome.ieseg.fr\/en\/schooling\/course-registration-exchange-students\/","og_locale":"en_US","og_type":"article","og_title":"Course registration for Exchange students - Welcome to I\u00c9SEG","og_description":"Academic levels offered Undergraduate and Graduate &#8211; within Grande \u00c9cole Program only. Bachelor students have access to Bachelor courses (our Bachelor cycle is 3 years). Incoming exchange students at Bachelor level will choose courses from the 6th semester of our Bachelor cycle. Master students have access to Master courses. Students who will be in their [&hellip;]","og_url":"https:\/\/welcome.ieseg.fr\/en\/schooling\/course-registration-exchange-students\/","og_site_name":"Welcome to I\u00c9SEG","article_modified_time":"2024-07-17T16:12:54+00:00","author":"anaisandreosso","twitter_card":"summary_large_image","twitter_misc":{"Est. reading time":"3 minutes"},"schema":{"@context":"https:\/\/schema.org","@graph":[{"@type":"WebSite","@id":"https:\/\/welcome.ieseg.fr\/#website","url":"https:\/\/welcome.ieseg.fr\/","name":"Welcome to I\u00c9SEG","description":"Le site des admis \u00e0 l&#039;I\u00c9SEG","potentialAction":[{"@type":"SearchAction","target":{"@type":"EntryPoint","urlTemplate":"https:\/\/welcome.ieseg.fr\/?s={search_term_string}"},"query-input":"required name=search_term_string"}],"inLanguage":"en-US"},{"@type":"WebPage","@id":"https:\/\/welcome.ieseg.fr\/en\/schooling\/course-registration-exchange-students\/#webpage","url":"https:\/\/welcome.ieseg.fr\/en\/schooling\/course-registration-exchange-students\/","name":"Course registration for Exchange students - Welcome to I\u00c9SEG","isPartOf":{"@id":"https:\/\/welcome.ieseg.fr\/#website"},"datePublished":"2024-06-30T12:05:56+00:00","dateModified":"2024-07-17T16:12:54+00:00","breadcrumb":{"@id":"https:\/\/welcome.ieseg.fr\/en\/schooling\/course-registration-exchange-students\/#breadcrumb"},"inLanguage":"en-US","potentialAction":[{"@type":"ReadAction","target":["https:\/\/welcome.ieseg.fr\/en\/schooling\/course-registration-exchange-students\/"]}]},{"@type":"BreadcrumbList","@id":"https:\/\/welcome.ieseg.fr\/en\/schooling\/course-registration-exchange-students\/#breadcrumb","itemListElement":[{"@type":"ListItem","position":1,"name":"Accueil","item":"https:\/\/welcome.ieseg.fr\/"},{"@type":"ListItem","position":2,"name":"My Schooling","item":"https:\/\/welcome.ieseg.fr\/en\/schooling\/"},{"@type":"ListItem","position":3,"name":"Course registration for Exchange students"}]}]}},"_links":{"self":[{"href":"https:\/\/welcome.ieseg.fr\/en\/wp-json\/wp\/v2\/pages\/49"}],"collection":[{"href":"https:\/\/welcome.ieseg.fr\/en\/wp-json\/wp\/v2\/pages"}],"about":[{"href":"https:\/\/welcome.ieseg.fr\/en\/wp-json\/wp\/v2\/types\/page"}],"author":[{"embeddable":true,"href":"https:\/\/welcome.ieseg.fr\/en\/wp-json\/wp\/v2\/users\/705"}],"replies":[{"embeddable":true,"href":"https:\/\/welcome.ieseg.fr\/en\/wp-json\/wp\/v2\/comments?post=49"}],"version-history":[{"count":4,"href":"https:\/\/welcome.ieseg.fr\/en\/wp-json\/wp\/v2\/pages\/49\/revisions"}],"predecessor-version":[{"id":197,"href":"https:\/\/welcome.ieseg.fr\/en\/wp-json\/wp\/v2\/pages\/49\/revisions\/197"}],"up":[{"embeddable":true,"href":"https:\/\/welcome.ieseg.fr\/en\/wp-json\/wp\/v2\/pages\/38"}],"wp:attachment":[{"href":"https:\/\/welcome.ieseg.fr\/en\/wp-json\/wp\/v2\/media?parent=49"}],"curies":[{"name":"wp","href":"https:\/\/api.w.org\/{rel}","templated":true}]}}