{"id":57,"date":"2024-06-30T14:07:35","date_gmt":"2024-06-30T12:07:35","guid":{"rendered":"https:\/\/welcome.ieseg.fr\/?page_id=57"},"modified":"2024-07-03T10:16:57","modified_gmt":"2024-07-03T08:16:57","slug":"finance-education","status":"publish","type":"page","link":"https:\/\/welcome.ieseg.fr\/en\/preparing-arrival\/finance-education\/","title":{"rendered":"How to finance my education"},"content":{"rendered":"<p>The Registration and Tuition Fees Department, present on each campus, is your main contact during your studies at I\u00c9SEG for all questions related to <strong>tuition fees and related costs<\/strong>. To contact them: <a href=\"mailto:financialsupport@ieseg.fr\" target=\"_blank\" rel=\"noopener\">inscription@ieseg.fr<\/a>.<\/p>\n<p>If you have difficulty financing your education, our Financial Support team can also help you. To contact them: <span class=\"ui-provider a b c d e f g h i j k l m n o p q r s t u v w x y z ab ac ae af ag ah ai aj ak\" dir=\"ltr\"><a href=\"mailto:financialsupport@ieseg.fr\" target=\"_blank\" rel=\"noopener\">financialsupport@ieseg.fr<\/a>.<\/span><\/p>\n<p>This does not apply to exchange students, whose contact at I\u00c9SEG is the International Relations Team.<\/p>\n<p>&nbsp;<\/p>\n<p>To find out more about financing your education, <a href=\"https:\/\/www.ieseg.fr\/en\/life-at-ieseg\/practical-information\/finance-your-education\/\" target=\"_blank\" rel=\"noopener\">please visit the I\u00c9SEG website<\/a>.<\/p>\n","protected":false},"excerpt":{"rendered":"<p>The Registration and Tuition Fees Department, present on each campus, is your main contact during your studies at I\u00c9SEG for all questions related to tuition fees and related costs. To contact them: inscription@ieseg.fr. If you have difficulty financing your education, our Financial Support team can also help you. To contact them: financialsupport@ieseg.fr. This does not [&hellip;]<\/p>\n","protected":false},"author":705,"featured_media":0,"parent":53,"menu_order":0,"comment_status":"closed","ping_status":"closed","template":"","meta":[],"yoast_head":"<!-- This site is optimized with the Yoast SEO plugin v19.2 - https:\/\/yoast.com\/wordpress\/plugins\/seo\/ -->\n<title>How to finance my education - Welcome to I\u00c9SEG<\/title>\n<meta name=\"robots\" content=\"index, follow, max-snippet:-1, max-image-preview:large, max-video-preview:-1\" \/>\n<link rel=\"canonical\" href=\"https:\/\/welcome.ieseg.fr\/en\/preparing-arrival\/finance-education\/\" \/>\n<meta property=\"og:locale\" content=\"en_US\" \/>\n<meta property=\"og:type\" content=\"article\" \/>\n<meta property=\"og:title\" content=\"How to finance my education - Welcome to I\u00c9SEG\" \/>\n<meta property=\"og:description\" content=\"The Registration and Tuition Fees Department, present on each campus, is your main contact during your studies at I\u00c9SEG for all questions related to tuition fees and related costs. To contact them: inscription@ieseg.fr. If you have difficulty financing your education, our Financial Support team can also help you. To contact them: financialsupport@ieseg.fr. This does not [&hellip;]\" \/>\n<meta property=\"og:url\" content=\"https:\/\/welcome.ieseg.fr\/en\/preparing-arrival\/finance-education\/\" \/>\n<meta property=\"og:site_name\" content=\"Welcome to I\u00c9SEG\" \/>\n<meta property=\"article:modified_time\" content=\"2024-07-03T08:16:57+00:00\" \/>\n<meta name=\"author\" content=\"anaisandreosso\" \/>\n<meta name=\"twitter:card\" content=\"summary_large_image\" \/>\n<script type=\"application\/ld+json\" class=\"yoast-schema-graph\">{\"@context\":\"https:\/\/schema.org\",\"@graph\":[{\"@type\":\"WebSite\",\"@id\":\"https:\/\/welcome.ieseg.fr\/#website\",\"url\":\"https:\/\/welcome.ieseg.fr\/\",\"name\":\"Welcome to I\u00c9SEG\",\"description\":\"Le site des admis \u00e0 l&#039;I\u00c9SEG\",\"potentialAction\":[{\"@type\":\"SearchAction\",\"target\":{\"@type\":\"EntryPoint\",\"urlTemplate\":\"https:\/\/welcome.ieseg.fr\/?s={search_term_string}\"},\"query-input\":\"required name=search_term_string\"}],\"inLanguage\":\"en-US\"},{\"@type\":\"WebPage\",\"@id\":\"https:\/\/welcome.ieseg.fr\/en\/preparing-arrival\/finance-education\/#webpage\",\"url\":\"https:\/\/welcome.ieseg.fr\/en\/preparing-arrival\/finance-education\/\",\"name\":\"How to finance my education - Welcome to I\u00c9SEG\",\"isPartOf\":{\"@id\":\"https:\/\/welcome.ieseg.fr\/#website\"},\"datePublished\":\"2024-06-30T12:07:35+00:00\",\"dateModified\":\"2024-07-03T08:16:57+00:00\",\"breadcrumb\":{\"@id\":\"https:\/\/welcome.ieseg.fr\/en\/preparing-arrival\/finance-education\/#breadcrumb\"},\"inLanguage\":\"en-US\",\"potentialAction\":[{\"@type\":\"ReadAction\",\"target\":[\"https:\/\/welcome.ieseg.fr\/en\/preparing-arrival\/finance-education\/\"]}]},{\"@type\":\"BreadcrumbList\",\"@id\":\"https:\/\/welcome.ieseg.fr\/en\/preparing-arrival\/finance-education\/#breadcrumb\",\"itemListElement\":[{\"@type\":\"ListItem\",\"position\":1,\"name\":\"Accueil\",\"item\":\"https:\/\/welcome.ieseg.fr\/\"},{\"@type\":\"ListItem\",\"position\":2,\"name\":\"Preparing My Arrival\",\"item\":\"https:\/\/welcome.ieseg.fr\/en\/preparing-arrival\/\"},{\"@type\":\"ListItem\",\"position\":3,\"name\":\"How to finance my education\"}]}]}<\/script>\n<!-- \/ Yoast SEO plugin. -->","yoast_head_json":{"title":"How to finance my education - Welcome to I\u00c9SEG","robots":{"index":"index","follow":"follow","max-snippet":"max-snippet:-1","max-image-preview":"max-image-preview:large","max-video-preview":"max-video-preview:-1"},"canonical":"https:\/\/welcome.ieseg.fr\/en\/preparing-arrival\/finance-education\/","og_locale":"en_US","og_type":"article","og_title":"How to finance my education - Welcome to I\u00c9SEG","og_description":"The Registration and Tuition Fees Department, present on each campus, is your main contact during your studies at I\u00c9SEG for all questions related to tuition fees and related costs. To contact them: inscription@ieseg.fr. If you have difficulty financing your education, our Financial Support team can also help you. To contact them: financialsupport@ieseg.fr. This does not [&hellip;]","og_url":"https:\/\/welcome.ieseg.fr\/en\/preparing-arrival\/finance-education\/","og_site_name":"Welcome to I\u00c9SEG","article_modified_time":"2024-07-03T08:16:57+00:00","author":"anaisandreosso","twitter_card":"summary_large_image","schema":{"@context":"https:\/\/schema.org","@graph":[{"@type":"WebSite","@id":"https:\/\/welcome.ieseg.fr\/#website","url":"https:\/\/welcome.ieseg.fr\/","name":"Welcome to I\u00c9SEG","description":"Le site des admis \u00e0 l&#039;I\u00c9SEG","potentialAction":[{"@type":"SearchAction","target":{"@type":"EntryPoint","urlTemplate":"https:\/\/welcome.ieseg.fr\/?s={search_term_string}"},"query-input":"required name=search_term_string"}],"inLanguage":"en-US"},{"@type":"WebPage","@id":"https:\/\/welcome.ieseg.fr\/en\/preparing-arrival\/finance-education\/#webpage","url":"https:\/\/welcome.ieseg.fr\/en\/preparing-arrival\/finance-education\/","name":"How to finance my education - Welcome to I\u00c9SEG","isPartOf":{"@id":"https:\/\/welcome.ieseg.fr\/#website"},"datePublished":"2024-06-30T12:07:35+00:00","dateModified":"2024-07-03T08:16:57+00:00","breadcrumb":{"@id":"https:\/\/welcome.ieseg.fr\/en\/preparing-arrival\/finance-education\/#breadcrumb"},"inLanguage":"en-US","potentialAction":[{"@type":"ReadAction","target":["https:\/\/welcome.ieseg.fr\/en\/preparing-arrival\/finance-education\/"]}]},{"@type":"BreadcrumbList","@id":"https:\/\/welcome.ieseg.fr\/en\/preparing-arrival\/finance-education\/#breadcrumb","itemListElement":[{"@type":"ListItem","position":1,"name":"Accueil","item":"https:\/\/welcome.ieseg.fr\/"},{"@type":"ListItem","position":2,"name":"Preparing My Arrival","item":"https:\/\/welcome.ieseg.fr\/en\/preparing-arrival\/"},{"@type":"ListItem","position":3,"name":"How to finance my education"}]}]}},"_links":{"self":[{"href":"https:\/\/welcome.ieseg.fr\/en\/wp-json\/wp\/v2\/pages\/57"}],"collection":[{"href":"https:\/\/welcome.ieseg.fr\/en\/wp-json\/wp\/v2\/pages"}],"about":[{"href":"https:\/\/welcome.ieseg.fr\/en\/wp-json\/wp\/v2\/types\/page"}],"author":[{"embeddable":true,"href":"https:\/\/welcome.ieseg.fr\/en\/wp-json\/wp\/v2\/users\/705"}],"replies":[{"embeddable":true,"href":"https:\/\/welcome.ieseg.fr\/en\/wp-json\/wp\/v2\/comments?post=57"}],"version-history":[{"count":5,"href":"https:\/\/welcome.ieseg.fr\/en\/wp-json\/wp\/v2\/pages\/57\/revisions"}],"predecessor-version":[{"id":168,"href":"https:\/\/welcome.ieseg.fr\/en\/wp-json\/wp\/v2\/pages\/57\/revisions\/168"}],"up":[{"embeddable":true,"href":"https:\/\/welcome.ieseg.fr\/en\/wp-json\/wp\/v2\/pages\/53"}],"wp:attachment":[{"href":"https:\/\/welcome.ieseg.fr\/en\/wp-json\/wp\/v2\/media?parent=57"}],"curies":[{"name":"wp","href":"https:\/\/api.w.org\/{rel}","templated":true}]}}