{"id":61,"date":"2024-06-30T14:08:54","date_gmt":"2024-06-30T12:08:54","guid":{"rendered":"https:\/\/welcome.ieseg.fr\/?page_id=61"},"modified":"2025-06-06T15:17:44","modified_gmt":"2025-06-06T13:17:44","slug":"housing-cost-living","status":"publish","type":"page","link":"https:\/\/welcome.ieseg.fr\/en\/preparing-arrival\/housing-cost-living\/","title":{"rendered":"Housing and cost of living"},"content":{"rendered":"<h2>Housing<\/h2>\n<p><span data-contrast=\"auto\">I\u00c9SEG provides different housing options: student and private residences, as well as private housing (private landlords).\u00a0<\/span><span data-ccp-props=\"{&quot;201341983&quot;:0,&quot;335559739&quot;:160,&quot;335559740&quot;:259}\">\u00a0<\/span><\/p>\n<p><a class=\"btn yellow\" href=\"https:\/\/www.ieseg.fr\/en\/life-at-ieseg\/practical-information\/housing\/\" target=\"_blank\" rel=\"noopener\">Read more<\/a><\/p>\n<p>&nbsp;<\/p>\n<h3>Housing insurance<\/h3>\n<p>Students are required to subscribe an insurance to cover personal and civil liability. F<span data-teams=\"true\">or more information, please refer to the Housing guide received along with your acceptance letter.<\/span><\/p>\n<p>&nbsp;<\/p>\n<h3>Housing subsidy<\/h3>\n<p>Incoming international students may be eligible for housing subsidy, based on their residence title and length of stay. The subsidy depends on the amount of rent, income, type of accommodation and its location (from \u20ac30 to \u20ac250\/month). Students also need a French bank account. The month when they apply is lost (ex: if they apply in January, they will receive money from February). Non-European citizens who stay for less than 90 days are not eligible for CAF.<\/p>\n<p>Do not plan your budget based on that financial help, as requests, if applicable, take a minimum of 2 months to be processed. Our International Services Coordinators will support international students in this process.<\/p>\n<p>&nbsp;<\/p>\n<h2>Costs of living<\/h2>\n<h3>Costs of living in Lille<\/h3>\n<p><strong>between \u20ac895 and \u20ac1,325 per month:<\/strong><\/p>\n<ul>\n<li>\u00a0Accommodation: from \u20ac450 to \u20ac800<\/li>\n<li>Food: \u20ac200<\/li>\n<li>Transport: \u20ac80 (rather leisure)<\/li>\n<li>Electricity: \u20ac45<\/li>\n<li>Phone &amp; Internet: \u20ac20 to \u20ac50<\/li>\n<li>Personal: \u20ac100<\/li>\n<\/ul>\n<p>&nbsp;<\/p>\n<h3>Costs of living in Paris<\/h3>\n<p><strong>between \u20ac1,170 and \u20ac1,900 per month:<\/strong><\/p>\n<ul>\n<li>Acommodation: from \u20ac500 to \u20ac1,200<\/li>\n<li>Food: \u20ac300<\/li>\n<li>Transport: \u20ac150<\/li>\n<li>Electricity: \u20ac50<\/li>\n<li>Phone &amp; Internet: \u20ac20 to \u20ac50<\/li>\n<li>Personal: \u20ac150<\/li>\n<\/ul>\n<p>&nbsp;<\/p>\n<p>Read more on <a href=\"https:\/\/www.campusfrance.org\/en\/preparing-budget-student-France\" target=\"_blank\" rel=\"noopener\">Campus France<\/a>.<br \/>\n<em>(the Campus France website is dedicated to people living abroad who come to France to study)<\/em><\/p>\n<p>&nbsp;<\/p>\n","protected":false},"excerpt":{"rendered":"<p>Housing I\u00c9SEG provides different housing options: student and private residences, as well as private housing (private landlords).\u00a0\u00a0 Read more &nbsp; Housing insurance Students are required to subscribe an insurance to cover personal and civil liability. For more information, please refer to the Housing guide received along with your acceptance letter. &nbsp; Housing subsidy Incoming international [&hellip;]<\/p>\n","protected":false},"author":705,"featured_media":0,"parent":53,"menu_order":0,"comment_status":"closed","ping_status":"closed","template":"","meta":[],"yoast_head":"<!-- This site is optimized with the Yoast SEO plugin v19.2 - https:\/\/yoast.com\/wordpress\/plugins\/seo\/ -->\n<title>Housing and cost of living - Welcome to I\u00c9SEG<\/title>\n<meta name=\"robots\" content=\"index, follow, max-snippet:-1, max-image-preview:large, max-video-preview:-1\" \/>\n<link rel=\"canonical\" href=\"https:\/\/welcome.ieseg.fr\/en\/preparing-arrival\/housing-cost-living\/\" \/>\n<meta property=\"og:locale\" content=\"en_US\" \/>\n<meta property=\"og:type\" content=\"article\" \/>\n<meta property=\"og:title\" content=\"Housing and cost of living - Welcome to I\u00c9SEG\" \/>\n<meta property=\"og:description\" content=\"Housing I\u00c9SEG provides different housing options: student and private residences, as well as private housing (private landlords).\u00a0\u00a0 Read more &nbsp; Housing insurance Students are required to subscribe an insurance to cover personal and civil liability. For more information, please refer to the Housing guide received along with your acceptance letter. &nbsp; Housing subsidy Incoming international [&hellip;]\" \/>\n<meta property=\"og:url\" content=\"https:\/\/welcome.ieseg.fr\/en\/preparing-arrival\/housing-cost-living\/\" \/>\n<meta property=\"og:site_name\" content=\"Welcome to I\u00c9SEG\" \/>\n<meta property=\"article:modified_time\" content=\"2025-06-06T13:17:44+00:00\" \/>\n<meta name=\"author\" content=\"anaisandreosso\" \/>\n<meta name=\"twitter:card\" content=\"summary_large_image\" \/>\n<meta name=\"twitter:label1\" content=\"Est. reading time\" \/>\n\t<meta name=\"twitter:data1\" content=\"1 minute\" \/>\n<script type=\"application\/ld+json\" class=\"yoast-schema-graph\">{\"@context\":\"https:\/\/schema.org\",\"@graph\":[{\"@type\":\"WebSite\",\"@id\":\"https:\/\/welcome.ieseg.fr\/#website\",\"url\":\"https:\/\/welcome.ieseg.fr\/\",\"name\":\"Welcome to I\u00c9SEG\",\"description\":\"Le site des admis \u00e0 l&#039;I\u00c9SEG\",\"potentialAction\":[{\"@type\":\"SearchAction\",\"target\":{\"@type\":\"EntryPoint\",\"urlTemplate\":\"https:\/\/welcome.ieseg.fr\/?s={search_term_string}\"},\"query-input\":\"required name=search_term_string\"}],\"inLanguage\":\"en-US\"},{\"@type\":\"WebPage\",\"@id\":\"https:\/\/welcome.ieseg.fr\/en\/preparing-arrival\/housing-cost-living\/#webpage\",\"url\":\"https:\/\/welcome.ieseg.fr\/en\/preparing-arrival\/housing-cost-living\/\",\"name\":\"Housing and cost of living - Welcome to I\u00c9SEG\",\"isPartOf\":{\"@id\":\"https:\/\/welcome.ieseg.fr\/#website\"},\"datePublished\":\"2024-06-30T12:08:54+00:00\",\"dateModified\":\"2025-06-06T13:17:44+00:00\",\"breadcrumb\":{\"@id\":\"https:\/\/welcome.ieseg.fr\/en\/preparing-arrival\/housing-cost-living\/#breadcrumb\"},\"inLanguage\":\"en-US\",\"potentialAction\":[{\"@type\":\"ReadAction\",\"target\":[\"https:\/\/welcome.ieseg.fr\/en\/preparing-arrival\/housing-cost-living\/\"]}]},{\"@type\":\"BreadcrumbList\",\"@id\":\"https:\/\/welcome.ieseg.fr\/en\/preparing-arrival\/housing-cost-living\/#breadcrumb\",\"itemListElement\":[{\"@type\":\"ListItem\",\"position\":1,\"name\":\"Accueil\",\"item\":\"https:\/\/welcome.ieseg.fr\/\"},{\"@type\":\"ListItem\",\"position\":2,\"name\":\"Preparing My Arrival\",\"item\":\"https:\/\/welcome.ieseg.fr\/en\/preparing-arrival\/\"},{\"@type\":\"ListItem\",\"position\":3,\"name\":\"Housing and cost of living\"}]}]}<\/script>\n<!-- \/ Yoast SEO plugin. -->","yoast_head_json":{"title":"Housing and cost of living - Welcome to I\u00c9SEG","robots":{"index":"index","follow":"follow","max-snippet":"max-snippet:-1","max-image-preview":"max-image-preview:large","max-video-preview":"max-video-preview:-1"},"canonical":"https:\/\/welcome.ieseg.fr\/en\/preparing-arrival\/housing-cost-living\/","og_locale":"en_US","og_type":"article","og_title":"Housing and cost of living - Welcome to I\u00c9SEG","og_description":"Housing I\u00c9SEG provides different housing options: student and private residences, as well as private housing (private landlords).\u00a0\u00a0 Read more &nbsp; Housing insurance Students are required to subscribe an insurance to cover personal and civil liability. For more information, please refer to the Housing guide received along with your acceptance letter. &nbsp; Housing subsidy Incoming international [&hellip;]","og_url":"https:\/\/welcome.ieseg.fr\/en\/preparing-arrival\/housing-cost-living\/","og_site_name":"Welcome to I\u00c9SEG","article_modified_time":"2025-06-06T13:17:44+00:00","author":"anaisandreosso","twitter_card":"summary_large_image","twitter_misc":{"Est. reading time":"1 minute"},"schema":{"@context":"https:\/\/schema.org","@graph":[{"@type":"WebSite","@id":"https:\/\/welcome.ieseg.fr\/#website","url":"https:\/\/welcome.ieseg.fr\/","name":"Welcome to I\u00c9SEG","description":"Le site des admis \u00e0 l&#039;I\u00c9SEG","potentialAction":[{"@type":"SearchAction","target":{"@type":"EntryPoint","urlTemplate":"https:\/\/welcome.ieseg.fr\/?s={search_term_string}"},"query-input":"required name=search_term_string"}],"inLanguage":"en-US"},{"@type":"WebPage","@id":"https:\/\/welcome.ieseg.fr\/en\/preparing-arrival\/housing-cost-living\/#webpage","url":"https:\/\/welcome.ieseg.fr\/en\/preparing-arrival\/housing-cost-living\/","name":"Housing and cost of living - Welcome to I\u00c9SEG","isPartOf":{"@id":"https:\/\/welcome.ieseg.fr\/#website"},"datePublished":"2024-06-30T12:08:54+00:00","dateModified":"2025-06-06T13:17:44+00:00","breadcrumb":{"@id":"https:\/\/welcome.ieseg.fr\/en\/preparing-arrival\/housing-cost-living\/#breadcrumb"},"inLanguage":"en-US","potentialAction":[{"@type":"ReadAction","target":["https:\/\/welcome.ieseg.fr\/en\/preparing-arrival\/housing-cost-living\/"]}]},{"@type":"BreadcrumbList","@id":"https:\/\/welcome.ieseg.fr\/en\/preparing-arrival\/housing-cost-living\/#breadcrumb","itemListElement":[{"@type":"ListItem","position":1,"name":"Accueil","item":"https:\/\/welcome.ieseg.fr\/"},{"@type":"ListItem","position":2,"name":"Preparing My Arrival","item":"https:\/\/welcome.ieseg.fr\/en\/preparing-arrival\/"},{"@type":"ListItem","position":3,"name":"Housing and cost of living"}]}]}},"_links":{"self":[{"href":"https:\/\/welcome.ieseg.fr\/en\/wp-json\/wp\/v2\/pages\/61"}],"collection":[{"href":"https:\/\/welcome.ieseg.fr\/en\/wp-json\/wp\/v2\/pages"}],"about":[{"href":"https:\/\/welcome.ieseg.fr\/en\/wp-json\/wp\/v2\/types\/page"}],"author":[{"embeddable":true,"href":"https:\/\/welcome.ieseg.fr\/en\/wp-json\/wp\/v2\/users\/705"}],"replies":[{"embeddable":true,"href":"https:\/\/welcome.ieseg.fr\/en\/wp-json\/wp\/v2\/comments?post=61"}],"version-history":[{"count":4,"href":"https:\/\/welcome.ieseg.fr\/en\/wp-json\/wp\/v2\/pages\/61\/revisions"}],"predecessor-version":[{"id":298,"href":"https:\/\/welcome.ieseg.fr\/en\/wp-json\/wp\/v2\/pages\/61\/revisions\/298"}],"up":[{"embeddable":true,"href":"https:\/\/welcome.ieseg.fr\/en\/wp-json\/wp\/v2\/pages\/53"}],"wp:attachment":[{"href":"https:\/\/welcome.ieseg.fr\/en\/wp-json\/wp\/v2\/media?parent=61"}],"curies":[{"name":"wp","href":"https:\/\/api.w.org\/{rel}","templated":true}]}}