{"id":70,"date":"2024-06-30T14:10:52","date_gmt":"2024-06-30T12:10:52","guid":{"rendered":"https:\/\/welcome.ieseg.fr\/?page_id=70"},"modified":"2024-06-30T14:11:08","modified_gmt":"2024-06-30T12:11:08","slug":"visa","status":"publish","type":"page","link":"https:\/\/welcome.ieseg.fr\/en\/preparing-arrival\/visa\/","title":{"rendered":"Visa"},"content":{"rendered":"<div class=\"intro\">\n<p><strong>Non-European students must ask for a student long stay visa for studies, also called VLS-TS (visa de long s\u00e9jour valant titre de s\u00e9jour) to the French Consulate of their home country.<\/strong><\/p>\n<\/div>\n<p>&nbsp;<\/p>\n<p>Students should check with the Embassy what kind of visa they will receive and which possibilities this visa offers.<\/p>\n<p>Non-EU citizens studying in an institution in Europe might have to apply for a French student visa, even if they already have a student visa in that country.<\/p>\n<p>For all questions about visa application, please <a href=\"https:\/\/france-visas.gouv.fr\/en\/web\/france-visas\/home\" target=\"_blank\" rel=\"noopener\">visit the France Visas website<\/a>. Also, you might have to go through the <a href=\"https:\/\/pastel.diplomatie.gouv.fr\/etudesenfrance\/dyn\/public\/authentification\/login.html%3Bjsessionid%3D6E8C677A18432157C8EAFA2431EFA4BF.jvm01g153-1?codeLangue=EN\" target=\"_blank\" rel=\"noopener\">Campus France process<\/a> depending on your country. More information on the <a href=\"https:\/\/www.campusfrance.org\/en\/application-etudes-en-france-procedure\" target=\"_blank\" rel=\"noopener\">Campus France website<\/a>.<\/p>\n<p>&nbsp;<\/p>\n<p>VLS-TS visa allows you to travel in all Schengen countries without extra administrative formalities.<\/p>\n<p><strong>Schengen area countries ARE NOT European Union countries.<\/strong><\/p>\n<ul class=\"big-list\">\n<li>The Schengen countries: Austria, Belgium, Czech Republic, Denmark, Estonia, Finland, France, Germany, Greece, Hungary, Iceland (not a European Union Member State), Italy, Latvia, Liechtenstein (not a European Union Member State), Lithuania, Luxembourg, Malta, The Netherlands, Norway (not a European Union Member State), Poland, Portugal, Slovakia, Slovenia, Spain, Sweden, Switzerland (not a European Union Member State).<\/li>\n<li>The European Union and EEA (European Economic Area) include: Austria, Belgium, Bulgaria, Croatia, Cyprus, Czech Republic, Denmark, Estonia, Finland, France, Germany, Greece, Hungary, Ireland, Italy, Latvia, Lithuania, Luxembourg, Malta, The Netherlands, Poland, Portugal, Romania, Slovakia, Slovenia, Spain, and Sweden.<\/li>\n<\/ul>\n<p>Please note that the UK is not part of the Schengen area. Check on the UK embassy website if you need a visa.<\/p>\n<p>\u201cFrance (sauf CTOM)\u201d mention on your visa means that it concerns French Nationals only, so your visa is valid ONLY in France, except French Overseas Departments and Territories such as Guadeloupe, Martinique, French Guiana, R\u00e9union, French Polynesia, Mayotte, Saint-Pierre-et-Miquelon, Wallis.<\/p>\n<p>&nbsp;<\/p>\n<h2>Residence Title\/OFII procedure &#8211; Office Fran\u00e7ais de l\u2019Immigration et de l\u2019Int\u00e9gration.<\/h2>\n<p>Upon your arrival in France and within 3 months following your arrival, you must validate your VLS-TS visa. The procedure is to be done online.<\/p>\n<p><strong>Cost: fiscal stamp of \u20ac60 (to be paid once for the whole stay). The registration process will be explained to you during the Orientation week.<\/strong><\/p>\n<p>In case of extended period of study in France, the residence title will have to be renewed at extra costs. Our International Services Coordinators will support students in this process.<\/p>\n","protected":false},"excerpt":{"rendered":"<p>Non-European students must ask for a student long stay visa for studies, also called VLS-TS (visa de long s\u00e9jour valant titre de s\u00e9jour) to the French Consulate of their home country. &nbsp; Students should check with the Embassy what kind of visa they will receive and which possibilities this visa offers. Non-EU citizens studying in [&hellip;]<\/p>\n","protected":false},"author":705,"featured_media":0,"parent":53,"menu_order":0,"comment_status":"closed","ping_status":"closed","template":"","meta":[],"yoast_head":"<!-- This site is optimized with the Yoast SEO plugin v19.2 - https:\/\/yoast.com\/wordpress\/plugins\/seo\/ -->\n<title>Visa - Welcome to I\u00c9SEG<\/title>\n<meta name=\"robots\" content=\"index, follow, max-snippet:-1, max-image-preview:large, max-video-preview:-1\" \/>\n<link rel=\"canonical\" href=\"https:\/\/welcome.ieseg.fr\/en\/preparing-arrival\/visa\/\" \/>\n<meta property=\"og:locale\" content=\"en_US\" \/>\n<meta property=\"og:type\" content=\"article\" \/>\n<meta property=\"og:title\" content=\"Visa - Welcome to I\u00c9SEG\" \/>\n<meta property=\"og:description\" content=\"Non-European students must ask for a student long stay visa for studies, also called VLS-TS (visa de long s\u00e9jour valant titre de s\u00e9jour) to the French Consulate of their home country. &nbsp; Students should check with the Embassy what kind of visa they will receive and which possibilities this visa offers. Non-EU citizens studying in [&hellip;]\" \/>\n<meta property=\"og:url\" content=\"https:\/\/welcome.ieseg.fr\/en\/preparing-arrival\/visa\/\" \/>\n<meta property=\"og:site_name\" content=\"Welcome to I\u00c9SEG\" \/>\n<meta property=\"article:modified_time\" content=\"2024-06-30T12:11:08+00:00\" \/>\n<meta name=\"author\" content=\"anaisandreosso\" \/>\n<meta name=\"twitter:card\" content=\"summary_large_image\" \/>\n<meta name=\"twitter:label1\" content=\"Est. reading time\" \/>\n\t<meta name=\"twitter:data1\" content=\"2 minutes\" \/>\n<script type=\"application\/ld+json\" class=\"yoast-schema-graph\">{\"@context\":\"https:\/\/schema.org\",\"@graph\":[{\"@type\":\"WebSite\",\"@id\":\"https:\/\/welcome.ieseg.fr\/#website\",\"url\":\"https:\/\/welcome.ieseg.fr\/\",\"name\":\"Welcome to I\u00c9SEG\",\"description\":\"Le site des admis \u00e0 l&#039;I\u00c9SEG\",\"potentialAction\":[{\"@type\":\"SearchAction\",\"target\":{\"@type\":\"EntryPoint\",\"urlTemplate\":\"https:\/\/welcome.ieseg.fr\/?s={search_term_string}\"},\"query-input\":\"required name=search_term_string\"}],\"inLanguage\":\"en-US\"},{\"@type\":\"WebPage\",\"@id\":\"https:\/\/welcome.ieseg.fr\/en\/preparing-arrival\/visa\/#webpage\",\"url\":\"https:\/\/welcome.ieseg.fr\/en\/preparing-arrival\/visa\/\",\"name\":\"Visa - Welcome to I\u00c9SEG\",\"isPartOf\":{\"@id\":\"https:\/\/welcome.ieseg.fr\/#website\"},\"datePublished\":\"2024-06-30T12:10:52+00:00\",\"dateModified\":\"2024-06-30T12:11:08+00:00\",\"breadcrumb\":{\"@id\":\"https:\/\/welcome.ieseg.fr\/en\/preparing-arrival\/visa\/#breadcrumb\"},\"inLanguage\":\"en-US\",\"potentialAction\":[{\"@type\":\"ReadAction\",\"target\":[\"https:\/\/welcome.ieseg.fr\/en\/preparing-arrival\/visa\/\"]}]},{\"@type\":\"BreadcrumbList\",\"@id\":\"https:\/\/welcome.ieseg.fr\/en\/preparing-arrival\/visa\/#breadcrumb\",\"itemListElement\":[{\"@type\":\"ListItem\",\"position\":1,\"name\":\"Accueil\",\"item\":\"https:\/\/welcome.ieseg.fr\/\"},{\"@type\":\"ListItem\",\"position\":2,\"name\":\"Preparing My Arrival\",\"item\":\"https:\/\/welcome.ieseg.fr\/en\/preparing-arrival\/\"},{\"@type\":\"ListItem\",\"position\":3,\"name\":\"Visa\"}]}]}<\/script>\n<!-- \/ Yoast SEO plugin. -->","yoast_head_json":{"title":"Visa - Welcome to I\u00c9SEG","robots":{"index":"index","follow":"follow","max-snippet":"max-snippet:-1","max-image-preview":"max-image-preview:large","max-video-preview":"max-video-preview:-1"},"canonical":"https:\/\/welcome.ieseg.fr\/en\/preparing-arrival\/visa\/","og_locale":"en_US","og_type":"article","og_title":"Visa - Welcome to I\u00c9SEG","og_description":"Non-European students must ask for a student long stay visa for studies, also called VLS-TS (visa de long s\u00e9jour valant titre de s\u00e9jour) to the French Consulate of their home country. &nbsp; Students should check with the Embassy what kind of visa they will receive and which possibilities this visa offers. Non-EU citizens studying in [&hellip;]","og_url":"https:\/\/welcome.ieseg.fr\/en\/preparing-arrival\/visa\/","og_site_name":"Welcome to I\u00c9SEG","article_modified_time":"2024-06-30T12:11:08+00:00","author":"anaisandreosso","twitter_card":"summary_large_image","twitter_misc":{"Est. reading time":"2 minutes"},"schema":{"@context":"https:\/\/schema.org","@graph":[{"@type":"WebSite","@id":"https:\/\/welcome.ieseg.fr\/#website","url":"https:\/\/welcome.ieseg.fr\/","name":"Welcome to I\u00c9SEG","description":"Le site des admis \u00e0 l&#039;I\u00c9SEG","potentialAction":[{"@type":"SearchAction","target":{"@type":"EntryPoint","urlTemplate":"https:\/\/welcome.ieseg.fr\/?s={search_term_string}"},"query-input":"required name=search_term_string"}],"inLanguage":"en-US"},{"@type":"WebPage","@id":"https:\/\/welcome.ieseg.fr\/en\/preparing-arrival\/visa\/#webpage","url":"https:\/\/welcome.ieseg.fr\/en\/preparing-arrival\/visa\/","name":"Visa - Welcome to I\u00c9SEG","isPartOf":{"@id":"https:\/\/welcome.ieseg.fr\/#website"},"datePublished":"2024-06-30T12:10:52+00:00","dateModified":"2024-06-30T12:11:08+00:00","breadcrumb":{"@id":"https:\/\/welcome.ieseg.fr\/en\/preparing-arrival\/visa\/#breadcrumb"},"inLanguage":"en-US","potentialAction":[{"@type":"ReadAction","target":["https:\/\/welcome.ieseg.fr\/en\/preparing-arrival\/visa\/"]}]},{"@type":"BreadcrumbList","@id":"https:\/\/welcome.ieseg.fr\/en\/preparing-arrival\/visa\/#breadcrumb","itemListElement":[{"@type":"ListItem","position":1,"name":"Accueil","item":"https:\/\/welcome.ieseg.fr\/"},{"@type":"ListItem","position":2,"name":"Preparing My Arrival","item":"https:\/\/welcome.ieseg.fr\/en\/preparing-arrival\/"},{"@type":"ListItem","position":3,"name":"Visa"}]}]}},"_links":{"self":[{"href":"https:\/\/welcome.ieseg.fr\/en\/wp-json\/wp\/v2\/pages\/70"}],"collection":[{"href":"https:\/\/welcome.ieseg.fr\/en\/wp-json\/wp\/v2\/pages"}],"about":[{"href":"https:\/\/welcome.ieseg.fr\/en\/wp-json\/wp\/v2\/types\/page"}],"author":[{"embeddable":true,"href":"https:\/\/welcome.ieseg.fr\/en\/wp-json\/wp\/v2\/users\/705"}],"replies":[{"embeddable":true,"href":"https:\/\/welcome.ieseg.fr\/en\/wp-json\/wp\/v2\/comments?post=70"}],"version-history":[{"count":1,"href":"https:\/\/welcome.ieseg.fr\/en\/wp-json\/wp\/v2\/pages\/70\/revisions"}],"predecessor-version":[{"id":71,"href":"https:\/\/welcome.ieseg.fr\/en\/wp-json\/wp\/v2\/pages\/70\/revisions\/71"}],"up":[{"embeddable":true,"href":"https:\/\/welcome.ieseg.fr\/en\/wp-json\/wp\/v2\/pages\/53"}],"wp:attachment":[{"href":"https:\/\/welcome.ieseg.fr\/en\/wp-json\/wp\/v2\/media?parent=70"}],"curies":[{"name":"wp","href":"https:\/\/api.w.org\/{rel}","templated":true}]}}